{"id":3681,"date":"2020-11-26T10:23:11","date_gmt":"2020-11-26T09:23:11","guid":{"rendered":"https:\/\/michelspmks.de\/?page_id=3681"},"modified":"2026-04-13T13:59:50","modified_gmt":"2026-04-13T11:59:50","slug":"kontakt","status":"publish","type":"page","link":"https:\/\/michelspmks.de\/de\/kontakt","title":{"rendered":"Kontakt"},"content":{"rendered":"<div id='layer_slider_1'  class='avia-layerslider main_color avia-shadow  avia-builder-el-0  el_before_av_layerslider  avia-builder-el-first  container_wrap fullsize' style='  height: 721px; max-width: 1280px; margin: 0 auto;' ><div id=\"layerslider_11_1p1an0og4lekx\"  class=\"ls-wp-container fitvidsignore header-start ls-selectable\" style=\"width:1280px;height:720px;margin:0 auto;margin-bottom: 0px;\"><div class=\"ls-slide\" data-ls=\"kenburnszoom:in;\"><img loading=\"lazy\" decoding=\"async\" width=\"2000\" height=\"1126\" src=\"https:\/\/michelspmks.de\/wp-content\/uploads\/layerslider\/projects\/Kontakt-DE\/michelspmks_koeln_Adobe_361329007.jpg\" class=\"ls-bg\" alt=\"\" srcset=\"https:\/\/michelspmks.de\/wp-content\/uploads\/layerslider\/projects\/Kontakt-DE\/michelspmks_koeln_Adobe_361329007.jpg 2000w, https:\/\/michelspmks.de\/wp-content\/uploads\/layerslider\/projects\/Kontakt-DE\/michelspmks_koeln_Adobe_361329007-768x432.jpg 768w, https:\/\/michelspmks.de\/wp-content\/uploads\/layerslider\/projects\/Kontakt-DE\/michelspmks_koeln_Adobe_361329007-1536x865.jpg 1536w, https:\/\/michelspmks.de\/wp-content\/uploads\/layerslider\/projects\/Kontakt-DE\/michelspmks_koeln_Adobe_361329007-1500x845.jpg 1500w, https:\/\/michelspmks.de\/wp-content\/uploads\/layerslider\/projects\/Kontakt-DE\/michelspmks_koeln_Adobe_361329007-705x397.jpg 705w\" sizes=\"(max-width: 2000px) 100vw, 2000px\" \/><\/div><\/div><\/div>\n<div id='layer_slider_2'  class='avia-layerslider main_color avia-shadow  avia-builder-el-1  el_after_av_layerslider  el_before_av_section  slider-not-first container_wrap fullsize' style='  height: 1065px; max-width: 920px; margin: 0 auto;' ><div id=\"layerslider_5_vqz1bri41t89\"  class=\"ls-wp-container fitvidsignore header-start ls-selectable\" style=\"width:920px;height:1064px;margin:0 auto;margin-bottom: 0px;\"><div class=\"ls-slide\" data-ls=\"bgsize:cover;bgposition:50% 50%;duration:4000;transition2d:5;transitionduration:4000;timeshift:4000;kenburnszoom:out;parallaxevent:scroll;parallaxaxis:none;\"><img loading=\"lazy\" decoding=\"async\" width=\"920\" height=\"1064\" src=\"https:\/\/michelspmks.de\/wp-content\/uploads\/layerslider\/projects\/Kontakt-DE-mobile\/michelspmks_koeln_kl_Adobe_361329007.jpg\" class=\"ls-bg\" alt=\"\" srcset=\"https:\/\/michelspmks.de\/wp-content\/uploads\/layerslider\/projects\/Kontakt-DE-mobile\/michelspmks_koeln_kl_Adobe_361329007.jpg 920w, https:\/\/michelspmks.de\/wp-content\/uploads\/layerslider\/projects\/Kontakt-DE-mobile\/michelspmks_koeln_kl_Adobe_361329007-768x888.jpg 768w, https:\/\/michelspmks.de\/wp-content\/uploads\/layerslider\/projects\/Kontakt-DE-mobile\/michelspmks_koeln_kl_Adobe_361329007-610x705.jpg 610w\" sizes=\"(max-width: 920px) 100vw, 920px\" \/><h2 style=\"top:565px;left:65px;background-size:inherit;background-position:inherit;font-size:26px;line-height:falsepx;\" class=\"ls-l ls-text-layer\" data-ls=\"texttransitionin:true;texttypein:chars_asc;static:forever;position:relative;\">Kontakt<\/h2><\/div><div class=\"ls-slide\" data-ls=\"duration:4000;transition2d:5;timeshift:4000;kenburnszoom:in;parallaxaxis:none;\"><img loading=\"lazy\" decoding=\"async\" width=\"920\" height=\"1064\" src=\"https:\/\/michelspmks.de\/wp-content\/uploads\/layerslider\/projects\/Kontakt-DE-mobile\/michelspmks_DUS_kl_119590345.jpg\" class=\"ls-bg\" alt=\"\" srcset=\"https:\/\/michelspmks.de\/wp-content\/uploads\/layerslider\/projects\/Kontakt-DE-mobile\/michelspmks_DUS_kl_119590345.jpg 920w, https:\/\/michelspmks.de\/wp-content\/uploads\/layerslider\/projects\/Kontakt-DE-mobile\/michelspmks_DUS_kl_119590345-768x888.jpg 768w, https:\/\/michelspmks.de\/wp-content\/uploads\/layerslider\/projects\/Kontakt-DE-mobile\/michelspmks_DUS_kl_119590345-610x705.jpg 610w\" sizes=\"(max-width: 920px) 100vw, 920px\" \/><\/div><\/div><\/div>\n<div id='av_section_1'  class='avia-section main_color avia-section-no-padding avia-no-border-styling  avia-bg-style-scroll  avia-builder-el-2  el_after_av_layerslider  el_before_av_postcontent  space_up  container_wrap fullsize' style=' '  ><div class='container' ><div class='template-page content  av-content-full alpha units'><div class='post-entry post-entry-type-page post-entry-3681'><div class='entry-content-wrapper clearfix'>\n<div class=\"flex_column av_one_full  flex_column_div av-zero-column-padding first  avia-builder-el-3  avia-builder-el-no-sibling  koeln \" style='border-radius:0px; '><section class=\"av_textblock_section \"  itemscope=\"itemscope\" itemtype=\"https:\/\/schema.org\/CreativeWork\" ><div class='avia_textblock standort-hd '   itemprop=\"text\" ><h4 style=\"text-align: left;\">STANDORTE<\/h4>\n<\/div><\/section><br \/>\n<section class=\"av_textblock_section \"  id=\"sss\"  itemscope=\"itemscope\" itemtype=\"https:\/\/schema.org\/CreativeWork\" ><div class='avia_textblock koeln '   itemprop=\"text\" ><h2><a href=\"#koeln\">K\u00f6ln <img decoding=\"async\" class=\"alignnone size-full wp-image-4038\" src=\"https:\/\/michelspmks.de\/wp-content\/uploads\/2020\/12\/PFEIL-1.png\" alt=\"\" height=\"14\" \/><\/a><br \/>\n<a href=\"#duesseldorf\">Du\u0308sseldorf <img decoding=\"async\" class=\"alignnone size-full wp-image-4038\" src=\"https:\/\/michelspmks.de\/wp-content\/uploads\/2020\/12\/PFEIL-1.png\" alt=\"\" height=\"14\" \/><\/a><\/h2>\n<div id=\"koeln\" style=\"padding-top: 50px;\"><\/div>\n<\/div><\/section><br \/>\n<section class=\"av_textblock_section \"  itemscope=\"itemscope\" itemtype=\"https:\/\/schema.org\/CreativeWork\" ><div class='avia_textblock  '   itemprop=\"text\" ><h2>K\u00f6ln<\/h2>\n<p>michels.pmks Rechtsanw\u00e4lte Partnerschaft mbB<br \/>\nHohenstaufenring 57<br \/>\nD-50674 K\u00f6ln<br \/>\nTelefon: +49 221 50003-5<br \/>\nTelefax: +49 221 50003-636<br \/>\n<a href=\"info@michelspmks.de\">info@michelspmks.de<\/a><\/p>\n<\/div><\/section><br \/>\n<section class=\"av_textblock_section \"  itemscope=\"itemscope\" itemtype=\"https:\/\/schema.org\/CreativeWork\" ><div class='avia_textblock kontakt-text '   itemprop=\"text\" ><p><strong>Parkpl\u00e4tze<\/strong><br \/>\nDie Parkpl\u00e4tze f\u00fcr unsere Mandanten sind \u00fcber die Beethovenstra\u00dfe zug\u00e4nglich. Die Parkplatzeinfahrt befindet sich gegen\u00fcber dem Haus Beethovenstra\u00dfe 1. Bitte fahren Sie durch bis zur Schranke. Dort befindet sich eine Klingel. Adresse f\u00fcr das Navigationssystem: Beethovenstra\u00dfe 1, 50674 K\u00f6ln<br \/>\n<br class=\"avia-permanent-lb\" \/><\/p>\n<\/div><\/section><br \/>\n<div  style='height:50px' class='hr hr-invisible   avia-builder-el-8  el_after_av_textblock  el_before_av_image '><span class='hr-inner ' ><span class='hr-inner-style'><\/span><\/span><\/div><br \/>\n<div  id=\"duesseldorf\"  class='avia-image-container  av-styling-    avia-builder-el-9  el_after_av_hr  el_before_av_image  standort-img avia-align-center '  itemprop=\"image\" itemscope=\"itemscope\" itemtype=\"https:\/\/schema.org\/ImageObject\"  ><div class='avia-image-container-inner'><div class='avia-image-overlay-wrap'><a href='https:\/\/www.google.de\/maps\/place\/michels.pmks\/@50.9336658,6.9371946,17z\/data=!3m1!4b1!4m5!3m4!1s0x47bf2501ad42e7b1:0x229a8ef3c0207802!8m2!3d50.9336658!4d6.9393832' class='avia_image' target=\"_blank\" rel=\"noopener noreferrer\"><img decoding=\"async\" width=\"590\" height=\"72\" class='wp-image-6279 avia-img-lazy-loading-not-6279 avia_image' src=\"https:\/\/michelspmks.de\/wp-content\/uploads\/2020\/12\/bt-standort-img.png\" alt='' title='bt-standort-img'  itemprop=\"thumbnailUrl\" srcset=\"https:\/\/michelspmks.de\/wp-content\/uploads\/2020\/12\/bt-standort-img.png 590w, https:\/\/michelspmks.de\/wp-content\/uploads\/2020\/12\/bt-standort-img-300x37.png 300w\" sizes=\"(max-width: 590px) 100vw, 590px\" \/><\/a><\/div><\/div><\/div><br \/>\n<div  id=\"duesseldorf\"  class='avia-image-container  av-styling-    avia-builder-el-10  el_after_av_image  el_before_av_hr  standort-img avia-align-center '  itemprop=\"image\" itemscope=\"itemscope\" itemtype=\"https:\/\/schema.org\/ImageObject\"  ><div class='avia-image-container-inner'><div class='avia-image-overlay-wrap'><a href='https:\/\/michelspmks.de\/wp-content\/uploads\/2021\/01\/wegbeschreibung_michelspmks_koeln.pdf' class='avia_image' target=\"_blank\" rel=\"noopener noreferrer\"><img decoding=\"async\" width=\"590\" height=\"72\" class='wp-image-6281 avia-img-lazy-loading-not-6281 avia_image' src=\"https:\/\/michelspmks.de\/wp-content\/uploads\/2020\/12\/bt-anfahrt-img.png\" alt='' title='bt-anfahrt-img'  itemprop=\"thumbnailUrl\" srcset=\"https:\/\/michelspmks.de\/wp-content\/uploads\/2020\/12\/bt-anfahrt-img.png 590w, https:\/\/michelspmks.de\/wp-content\/uploads\/2020\/12\/bt-anfahrt-img-300x37.png 300w\" sizes=\"(max-width: 590px) 100vw, 590px\" \/><\/a><\/div><\/div><\/div><br \/>\n<div  style='height:50px' class='hr hr-invisible   avia-builder-el-11  el_after_av_image  el_before_av_textblock '><span class='hr-inner ' ><span class='hr-inner-style'><\/span><\/span><\/div><br \/>\n<section class=\"av_textblock_section \"  id=\"dd\"  itemscope=\"itemscope\" itemtype=\"https:\/\/schema.org\/CreativeWork\" ><div class='avia_textblock  '   itemprop=\"text\" ><h2>Du\u0308sseldorf<\/h2>\n<p>michels.pmks Rechtsanw\u00e4lte<br \/>\nPartnerschaft mbB<br \/>\nK\u00f6nigsallee 63-65<br \/>\n40215 Du\u0308sseldorf<\/p>\n<p>Telefon: +49 211 5420 47-10<br \/>\nTelefax: +49 211 5420 47-99<br \/>\n<a href=\"mailto:info@michelspmks.de\">info@michelspmks.de<\/a><br \/>\n<br class=\"avia-permanent-lb\" \/><\/p>\n<p><br class=\"avia-permanent-lb\" \/><strong>Parkpl\u00e4tze<\/strong><br \/>\nParkm\u00f6glichkeiten bestehen im Parkhaus K\u00f6, Talstr. 1\/Ecke Luisenstra\u00dfe und im Parkhaus Luisenstra\u00dfe 33. Beide Parkh\u00e4user sind ca. 2-3 Gehminuten von der Kanzlei entfernt. Von der Luisenstra\u00dfe biegen Sie in die K\u00f6nigsallee ein und \u00fcberqueren nach ca. 50 Metern die Adersstra\u00dfe. Die Kanzlei befindet sich auf der linken Seite im Geb\u00e4ude K\u00f6-Entree, K\u00f6nigsallee 63-65.<br \/>\n<br class=\"avia-permanent-lb\" \/><\/p>\n<\/div><\/section><br \/>\n<div  style='height:50px' class='hr hr-invisible   avia-builder-el-13  el_after_av_textblock  el_before_av_image '><span class='hr-inner ' ><span class='hr-inner-style'><\/span><\/span><\/div><br \/>\n<div  id=\"duesseldorf\"  class='avia-image-container  av-styling-    avia-builder-el-14  el_after_av_hr  el_before_av_image  standort-img avia-align-center '  itemprop=\"image\" itemscope=\"itemscope\" itemtype=\"https:\/\/schema.org\/ImageObject\"  ><div class='avia-image-container-inner'><div class='avia-image-overlay-wrap'><a href='https:\/\/www.google.de\/maps\/place\/K%C3%B6nigsallee+63-65,+40215+D%C3%BCsseldorf\/@51.2183297,6.7766108,17z\/data=!3m1!4b1!4m8!1m2!2m1!1smichels.pmks++K%C3%B6nigsallee+63-65+40215+Du%CC%88sseldorf!3m4!1s0x47b8ca3e8893e087:0xd638e26af9de4380!8m2!3d51.2183297!4d6.7787995' class='avia_image' target=\"_blank\" rel=\"noopener noreferrer\"><img decoding=\"async\" width=\"590\" height=\"72\" class='wp-image-6279 avia-img-lazy-loading-not-6279 avia_image' src=\"https:\/\/michelspmks.de\/wp-content\/uploads\/2020\/12\/bt-standort-img.png\" alt='' title='bt-standort-img'  itemprop=\"thumbnailUrl\" srcset=\"https:\/\/michelspmks.de\/wp-content\/uploads\/2020\/12\/bt-standort-img.png 590w, https:\/\/michelspmks.de\/wp-content\/uploads\/2020\/12\/bt-standort-img-300x37.png 300w\" sizes=\"(max-width: 590px) 100vw, 590px\" \/><\/a><\/div><\/div><\/div><br \/>\n<div  class='avia-image-container  av-styling-    avia-builder-el-15  el_after_av_image  el_before_av_hr  standort-img avia-align-center '  itemprop=\"image\" itemscope=\"itemscope\" itemtype=\"https:\/\/schema.org\/ImageObject\"  ><div class='avia-image-container-inner'><div class='avia-image-overlay-wrap'><a href='https:\/\/michelspmks.de\/wp-content\/uploads\/2021\/01\/wegbeschreibung_michelspmks_dus.pdf' class='avia_image'  ><img decoding=\"async\" width=\"590\" height=\"72\" class='wp-image-6281 avia-img-lazy-loading-not-6281 avia_image' src=\"https:\/\/michelspmks.de\/wp-content\/uploads\/2020\/12\/bt-anfahrt-img.png\" alt='' title='bt-anfahrt-img'  itemprop=\"thumbnailUrl\" srcset=\"https:\/\/michelspmks.de\/wp-content\/uploads\/2020\/12\/bt-anfahrt-img.png 590w, https:\/\/michelspmks.de\/wp-content\/uploads\/2020\/12\/bt-anfahrt-img-300x37.png 300w\" sizes=\"(max-width: 590px) 100vw, 590px\" \/><\/a><\/div><\/div><\/div><br \/>\n<div  style='height:100px' class='hr hr-invisible   avia-builder-el-16  el_after_av_image  avia-builder-el-last '><span class='hr-inner ' ><span class='hr-inner-style'><\/span><\/span><\/div><\/p><\/div>\n\n\n[av_slideshow_full size='no scaling' min_height='350' stretch='image_no_stretch' control_layout='av-control-minimal av-control-minimal-dark' src='' attachment='' attachment_size='' position='top left' repeat='no-repeat' attach='scroll' conditional_play='' animation='slide' transition_speed='' autoplay='true' interval='10' lazy_loading='disabled' av-mini-hide='aviaTBav-mini-hide' id='testimonial-slider' custom_class='slideshow' av_uid='av-kik0iqw7']\r\n[av_slide_full slide_type='image' id='5980' video='https:\/\/' mobile_image='' fallback_link='https:\/\/' title='\u201eEin sehr versiertes Beratungsteam mit gro\u00dfer Schlagkraft\u201c \u201eFeste Gr\u00f6\u00dfe im Arbeitsrecht\u201c ' video_format='' video_ratio='16:9' caption_pos='caption_right' custom_title_size='22' av-medium-font-size-title='' av-small-font-size-title='' av-mini-font-size-title='16' custom_content_size='18' av-medium-font-size='' av-small-font-size='' av-mini-font-size='' font_color='custom' custom_title='#000000' custom_content='#000000' heading_tag='' heading_class='' link_apply='' link='lightbox' link_target='' button_label='Click me' button_color='light' link1='manually,http:\/\/' link_target1='' button_label2='Click me' button_color2='light' link2='manually,http:\/\/' link_target2='' overlay_opacity='1' overlay_color='' overlay_pattern='custom' overlay_custom_pattern='https:\/\/michelspmks.de\/wp-content\/uploads\/2020\/12\/bg_helfen.png' av_uid='av-6y1k9' video_autoplay='' video_controls='' video_mute='' video_loop='' overlay_enable='']\r\n<span class=\"bold\">Arbeitsrecht\r\nJUVE Handbuch Wirtschaftskanzleien | Empfohlene Kanzlei im Arbeitsrecht. \u00ab JUVE HANDBUCH \u00ab JUVE<\/span>\r\n[\/av_slide_full]\r\n[av_slide_full slide_type='image' id='12792' video='https:\/\/' mobile_image='' fallback_link='https:\/\/' title='\u201eUnschlagbare Kompetenz\" \u201eDie Praxis um Dr. Kerrin Schillhorn z\u00e4hlt zu den festen Gr\u00f6\u00dfen im Krankenhausplanungsrecht\u201c' video_format='' video_ratio='16:9' caption_pos='caption_right' custom_title_size='22' av-medium-font-size-title='' av-small-font-size-title='' av-mini-font-size-title='16' custom_content_size='18' av-medium-font-size='' av-small-font-size='' av-mini-font-size='' font_color='custom' custom_title='#000000' custom_content='#000000' heading_tag='' heading_class='' link_apply='' link='lightbox' link_target='' button_label='Click me' button_color='light' link1='manually,http:\/\/' link_target1='' button_label2='Click me' button_color2='light' link2='manually,http:\/\/' link_target2='' overlay_opacity='1' overlay_color='' overlay_pattern='custom' overlay_custom_pattern='https:\/\/michelspmks.de\/wp-content\/uploads\/2020\/12\/bg_helfen.png' av_uid='av-p1u2h']\r\n<span class=\"bold\">Gesundheitsrecht\r\n<span class=\"bold\">JUVE Handbuch Wirtschaftskanzleien | Empfohlene Kanzlei im Gesundheitsrecht.\r\nJUVE HANDBUCH \u00ab JUVE<\/span>\r\n[\/av_slide_full]\r\n[av_slide_full slide_type='image' id='5979' video='https:\/\/' mobile_image='' fallback_link='https:\/\/' title='\u201eDie K\u00f6lner Boutique besticht durch schnelle und ergebnisorientierte\u201c Beratung auf der gesamten Bandbreite arbeitsrechtlicher Fragestellungen.\u201c' video_format='' video_ratio='16:9' caption_pos='caption_right' custom_title_size='22' av-medium-font-size-title='' av-small-font-size-title='' av-mini-font-size-title='16' custom_content_size='18' av-medium-font-size='' av-small-font-size='' av-mini-font-size='' font_color='custom' custom_title='#000000' custom_content='#000000' heading_tag='' heading_class='' link_apply='' link='lightbox' link_target='' button_label='Click me' button_color='light' link1='manually,http:\/\/' link_target1='' button_label2='Click me' button_color2='light' link2='manually,http:\/\/' link_target2='' overlay_opacity='1' overlay_color='' overlay_pattern='custom' overlay_custom_pattern='https:\/\/michelspmks.de\/wp-content\/uploads\/2020\/12\/bg_helfen.png' video_autoplay='' video_controls='' video_mute='' video_loop='' overlay_enable='' av_uid='av-5mw86h']\r\n<span class=\"bold\">Arbeitsrecht\r\n<span class=\"bold\">Handelsblatt | The Best Lawyers im Arbeitsrecht<\/span>\r\n[\/av_slide_full]\r\n[av_slide_full slide_type='image' id='12796' video='https:\/\/' mobile_image='' fallback_link='https:\/\/' title='Dr. Marcus Michels: \u201ekompetent\u201c, \u201e\u00fcber jeden Zweifel erhaben, souver\u00e4n, taktisch versiert u. ein hervorragender Jurist, sehr pr\u00e4sent im Projektgesch\u00e4ft, etwa bei Betriebs\u00e4nderungen\u201c.' video_format='' video_ratio='16:9' caption_pos='caption_right' custom_title_size='22' av-medium-font-size-title='' av-small-font-size-title='' av-mini-font-size-title='16' custom_content_size='18' av-medium-font-size='' av-small-font-size='' av-mini-font-size='' font_color='custom' custom_title='#000000' custom_content='#000000' heading_tag='' heading_class='' link_apply='' link='lightbox' link_target='' button_label='Click me' button_color='light' link1='manually,http:\/\/' link_target1='' button_label2='Click me' button_color2='light' link2='manually,http:\/\/' link_target2='' overlay_opacity='1' overlay_color='' overlay_pattern='custom' overlay_custom_pattern='https:\/\/michelspmks.de\/wp-content\/uploads\/2020\/12\/bg_helfen.png' av_uid='av-4068s9']\r\n<span class=\"bold\">Arbeitsrecht |\r\n<span class=\"bold\">Wettbewerber<\/span>\r\n[\/av_slide_full]\r\n[av_slide_full slide_type='image' id='10753' video='https:\/\/' mobile_image='' fallback_link='https:\/\/' title='\u201egenie\u00dft hohes Ansehen\u201c, \u201ebeeindruckende Expertise im Arbeitsmigrationsrecht und internationalen Arbeitsrecht\u201c ' video_format='' video_ratio='16:9' caption_pos='caption_right' custom_title_size='22' av-medium-font-size-title='' av-small-font-size-title='' av-mini-font-size-title='16' custom_content_size='18' av-medium-font-size='' av-small-font-size='' av-mini-font-size='' font_color='custom' custom_title='#000000' custom_content='#000000' heading_tag='' heading_class='' link_apply='' link='lightbox' link_target='' button_label='Click me' button_color='light' link1='manually,http:\/\/' link_target1='' button_label2='Click me' button_color2='light' link2='manually,http:\/\/' link_target2='' overlay_opacity='1' overlay_color='' overlay_pattern='custom' overlay_custom_pattern='https:\/\/michelspmks.de\/wp-content\/uploads\/2020\/12\/bg_helfen.png' video_autoplay='' video_controls='' video_mute='' video_loop='' overlay_enable='' av_uid='av-1wd4bt']\r\n<span class=\"bold\">Arbeitsrecht |\r\n<span class=\"bold\">Unternehmen und Wettbewerber \u00fcber Dr. Gunther M\u00e4vers<\/span>\r\n[\/av_slide_full]\r\n[av_slide_full slide_type='image' id='7034' video='https:\/\/' mobile_image='' fallback_link='https:\/\/' title='Dr. Sebastian Mai\u00df, \"Top-Berater\",\"sehr engagiert, kreativ, pr\u00e4sent u. gut vernetzt\" ' video_format='' video_ratio='16:9' caption_pos='caption_right' custom_title_size='22' av-medium-font-size-title='' av-small-font-size-title='' av-mini-font-size-title='16' custom_content_size='18' av-medium-font-size='' av-small-font-size='' av-mini-font-size='' font_color='custom' custom_title='#000000' custom_content='#000000' heading_tag='' heading_class='' link_apply='' link='lightbox' link_target='' button_label='Click me' button_color='light' link1='manually,http:\/\/' link_target1='' button_label2='Click me' button_color2='light' link2='manually,http:\/\/' link_target2='' overlay_opacity='1' overlay_color='' overlay_pattern='custom' overlay_custom_pattern='https:\/\/michelspmks.de\/wp-content\/uploads\/2020\/12\/bg_helfen.png' av_uid='av-32dohl' video_autoplay='' video_controls='' video_mute='' video_loop='' overlay_enable='']\r\n<span class=\"bold\">Arbeitsrecht |\r\n<span class=\"bold\">Mandant und Wettbewerber \u00fcber Dr. Sebastian Mai\u00df, Juve 2020\/2021<\/span>\r\n[\/av_slide_full]\r\n[\/av_slideshow_full]\r\n\r\n\n","protected":false},"excerpt":{"rendered":"<p>This is a Page excerpt. It will be displayed for search results<\/p>\n","protected":false},"author":1,"featured_media":0,"parent":0,"menu_order":0,"comment_status":"open","ping_status":"open","template":"","meta":{"footnotes":""},"yoast_head":"<!-- This site is optimized with the Yoast SEO plugin v22.8 - https:\/\/yoast.com\/wordpress\/plugins\/seo\/ -->\n<title>Kontakt \u203a michels.pmks<\/title>\n<meta name=\"robots\" content=\"index, follow, max-snippet:-1, max-image-preview:large, max-video-preview:-1\" \/>\n<link rel=\"canonical\" href=\"https:\/\/michelspmks.de\/de\/kontakt\/\" \/>\n<meta property=\"og:locale\" content=\"de_DE\" \/>\n<meta property=\"og:type\" content=\"article\" \/>\n<meta property=\"og:title\" content=\"Kontakt \u203a michels.pmks\" \/>\n<meta property=\"og:description\" content=\"This is a Page excerpt. It will be displayed for search results\" \/>\n<meta property=\"og:url\" content=\"https:\/\/michelspmks.de\/de\/kontakt\" \/>\n<meta property=\"og:site_name\" content=\"michels.pmks\" \/>\n<meta property=\"article:modified_time\" content=\"2026-04-13T11:59:50+00:00\" \/>\n<meta property=\"og:image\" content=\"https:\/\/michelspmks.de\/wp-content\/uploads\/2020\/12\/PFEIL-1.png\" \/>\n<meta name=\"twitter:card\" content=\"summary_large_image\" \/>\n<script type=\"application\/ld+json\" class=\"yoast-schema-graph\">{\"@context\":\"https:\/\/schema.org\",\"@graph\":[{\"@type\":\"WebPage\",\"@id\":\"https:\/\/michelspmks.de\/de\/kontakt\",\"url\":\"https:\/\/michelspmks.de\/de\/kontakt\",\"name\":\"Kontakt \u203a michels.pmks\",\"isPartOf\":{\"@id\":\"https:\/\/michelspmks.de\/de\/#website\"},\"primaryImageOfPage\":{\"@id\":\"https:\/\/michelspmks.de\/de\/kontakt#primaryimage\"},\"image\":{\"@id\":\"https:\/\/michelspmks.de\/de\/kontakt#primaryimage\"},\"thumbnailUrl\":\"https:\/\/michelspmks.de\/wp-content\/uploads\/2020\/12\/PFEIL-1.png\",\"datePublished\":\"2020-11-26T09:23:11+00:00\",\"dateModified\":\"2026-04-13T11:59:50+00:00\",\"breadcrumb\":{\"@id\":\"https:\/\/michelspmks.de\/de\/kontakt#breadcrumb\"},\"inLanguage\":\"de\",\"potentialAction\":[{\"@type\":\"ReadAction\",\"target\":[\"https:\/\/michelspmks.de\/de\/kontakt\"]}]},{\"@type\":\"ImageObject\",\"inLanguage\":\"de\",\"@id\":\"https:\/\/michelspmks.de\/de\/kontakt#primaryimage\",\"url\":\"https:\/\/michelspmks.de\/wp-content\/uploads\/2020\/12\/PFEIL-1.png\",\"contentUrl\":\"https:\/\/michelspmks.de\/wp-content\/uploads\/2020\/12\/PFEIL-1.png\"},{\"@type\":\"BreadcrumbList\",\"@id\":\"https:\/\/michelspmks.de\/de\/kontakt#breadcrumb\",\"itemListElement\":[{\"@type\":\"ListItem\",\"position\":1,\"name\":\"Startseite\",\"item\":\"https:\/\/michelspmks.de\/de\/\"},{\"@type\":\"ListItem\",\"position\":2,\"name\":\"Kontakt\"}]},{\"@type\":\"WebSite\",\"@id\":\"https:\/\/michelspmks.de\/de\/#website\",\"url\":\"https:\/\/michelspmks.de\/de\/\",\"name\":\"michels.pmks\",\"description\":\"Fachanw\u00e4lte\",\"potentialAction\":[{\"@type\":\"SearchAction\",\"target\":{\"@type\":\"EntryPoint\",\"urlTemplate\":\"https:\/\/michelspmks.de\/de\/?s={search_term_string}\"},\"query-input\":\"required name=search_term_string\"}],\"inLanguage\":\"de\"}]}<\/script>\n<!-- \/ Yoast SEO plugin. -->","yoast_head_json":{"title":"Kontakt \u203a michels.pmks","robots":{"index":"index","follow":"follow","max-snippet":"max-snippet:-1","max-image-preview":"max-image-preview:large","max-video-preview":"max-video-preview:-1"},"canonical":"https:\/\/michelspmks.de\/de\/kontakt\/","og_locale":"de_DE","og_type":"article","og_title":"Kontakt \u203a michels.pmks","og_description":"This is a Page excerpt. It will be displayed for search results","og_url":"https:\/\/michelspmks.de\/de\/kontakt","og_site_name":"michels.pmks","article_modified_time":"2026-04-13T11:59:50+00:00","og_image":[{"url":"https:\/\/michelspmks.de\/wp-content\/uploads\/2020\/12\/PFEIL-1.png"}],"twitter_card":"summary_large_image","schema":{"@context":"https:\/\/schema.org","@graph":[{"@type":"WebPage","@id":"https:\/\/michelspmks.de\/de\/kontakt","url":"https:\/\/michelspmks.de\/de\/kontakt","name":"Kontakt \u203a michels.pmks","isPartOf":{"@id":"https:\/\/michelspmks.de\/de\/#website"},"primaryImageOfPage":{"@id":"https:\/\/michelspmks.de\/de\/kontakt#primaryimage"},"image":{"@id":"https:\/\/michelspmks.de\/de\/kontakt#primaryimage"},"thumbnailUrl":"https:\/\/michelspmks.de\/wp-content\/uploads\/2020\/12\/PFEIL-1.png","datePublished":"2020-11-26T09:23:11+00:00","dateModified":"2026-04-13T11:59:50+00:00","breadcrumb":{"@id":"https:\/\/michelspmks.de\/de\/kontakt#breadcrumb"},"inLanguage":"de","potentialAction":[{"@type":"ReadAction","target":["https:\/\/michelspmks.de\/de\/kontakt"]}]},{"@type":"ImageObject","inLanguage":"de","@id":"https:\/\/michelspmks.de\/de\/kontakt#primaryimage","url":"https:\/\/michelspmks.de\/wp-content\/uploads\/2020\/12\/PFEIL-1.png","contentUrl":"https:\/\/michelspmks.de\/wp-content\/uploads\/2020\/12\/PFEIL-1.png"},{"@type":"BreadcrumbList","@id":"https:\/\/michelspmks.de\/de\/kontakt#breadcrumb","itemListElement":[{"@type":"ListItem","position":1,"name":"Startseite","item":"https:\/\/michelspmks.de\/de\/"},{"@type":"ListItem","position":2,"name":"Kontakt"}]},{"@type":"WebSite","@id":"https:\/\/michelspmks.de\/de\/#website","url":"https:\/\/michelspmks.de\/de\/","name":"michels.pmks","description":"Fachanw\u00e4lte","potentialAction":[{"@type":"SearchAction","target":{"@type":"EntryPoint","urlTemplate":"https:\/\/michelspmks.de\/de\/?s={search_term_string}"},"query-input":"required name=search_term_string"}],"inLanguage":"de"}]}},"_links":{"self":[{"href":"https:\/\/michelspmks.de\/de\/wp-json\/wp\/v2\/pages\/3681"}],"collection":[{"href":"https:\/\/michelspmks.de\/de\/wp-json\/wp\/v2\/pages"}],"about":[{"href":"https:\/\/michelspmks.de\/de\/wp-json\/wp\/v2\/types\/page"}],"author":[{"embeddable":true,"href":"https:\/\/michelspmks.de\/de\/wp-json\/wp\/v2\/users\/1"}],"replies":[{"embeddable":true,"href":"https:\/\/michelspmks.de\/de\/wp-json\/wp\/v2\/comments?post=3681"}],"version-history":[{"count":232,"href":"https:\/\/michelspmks.de\/de\/wp-json\/wp\/v2\/pages\/3681\/revisions"}],"predecessor-version":[{"id":14137,"href":"https:\/\/michelspmks.de\/de\/wp-json\/wp\/v2\/pages\/3681\/revisions\/14137"}],"wp:attachment":[{"href":"https:\/\/michelspmks.de\/de\/wp-json\/wp\/v2\/media?parent=3681"}],"curies":[{"name":"wp","href":"https:\/\/api.w.org\/{rel}","templated":true}]}}