{"id":4742,"date":"2020-12-15T15:32:32","date_gmt":"2020-12-15T14:32:32","guid":{"rendered":"https:\/\/michelspmks.de\/?post_type=portfolio&#038;p=4742"},"modified":"2025-12-05T09:54:49","modified_gmt":"2025-12-05T08:54:49","slug":"stellenangebote","status":"publish","type":"page","link":"https:\/\/michelspmks.de\/de\/karriere\/stellenangebote","title":{"rendered":"Stellenangebote"},"content":{"rendered":"<div class=\"flex_column av_one_full  av-animated-generic fade-in  avia-full-stretch flex_column_div av-zero-column-padding first  avia-builder-el-0  el_before_av_section  avia-builder-el-no-sibling  \" style='border-radius:0px; '><div  id=\"header-start\"  class='avia-image-container avia_animated_image avia_animate_when_almost_visible fade-in av-styling-  noHover  av-overlay-hover-deactivate   avia-builder-el-1  avia-builder-el-no-sibling  header-start avia-align-center '  itemprop=\"image\" itemscope=\"itemscope\" itemtype=\"https:\/\/schema.org\/ImageObject\"  ><div class='avia-image-container-inner'><div class='avia-image-overlay-wrap'><div class='av-image-caption-overlay'><div class='av-caption-image-overlay-bg' style='opacity:0.1; background-color:#ffffff; '><\/div><div class='av-image-caption-overlay-position'><div class='av-image-caption-overlay-center' style='color:#000000; font-size:20px; '><h2>Karriere<\/h2>\n<\/div><\/div><\/div><img decoding=\"async\" class='wp-image-12669 avia-img-lazy-loading-not-12669 avia_image' src=\"https:\/\/michelspmks.de\/wp-content\/uploads\/2021\/01\/michelspmks_Stellenangebote.jpg\" alt='michels.pmks K\u00f6ln' title='michelspmks_Stellenangebote' height=\"1126\" width=\"2000\"  itemprop=\"thumbnailUrl\" srcset=\"https:\/\/michelspmks.de\/wp-content\/uploads\/2021\/01\/michelspmks_Stellenangebote.jpg 2000w, https:\/\/michelspmks.de\/wp-content\/uploads\/2021\/01\/michelspmks_Stellenangebote-768x432.jpg 768w, https:\/\/michelspmks.de\/wp-content\/uploads\/2021\/01\/michelspmks_Stellenangebote-1536x865.jpg 1536w, https:\/\/michelspmks.de\/wp-content\/uploads\/2021\/01\/michelspmks_Stellenangebote-1500x845.jpg 1500w, https:\/\/michelspmks.de\/wp-content\/uploads\/2021\/01\/michelspmks_Stellenangebote-705x397.jpg 705w\" sizes=\"(max-width: 2000px) 100vw, 2000px\" \/><\/div><\/div><\/div><\/div>\n<\/div><\/div><\/div><!-- close content main div --><\/div><\/div><div id='av_section_1'  class='avia-section main_color avia-section-no-padding avia-no-border-styling  avia-bg-style-scroll  avia-builder-el-2  el_after_av_one_full  el_before_av_section  space_up  container_wrap fullsize' style=' '  ><div class='container' ><div class='template-page content  av-content-full alpha units'><div class='post-entry post-entry-type-page post-entry-4742'><div class='entry-content-wrapper clearfix'>\n<div class=\"flex_column av_one_full  flex_column_div av-zero-column-padding first  avia-builder-el-3  avia-builder-el-no-sibling  \" style='border-radius:0px; '><section class=\"av_textblock_section \"  itemscope=\"itemscope\" itemtype=\"https:\/\/schema.org\/CreativeWork\" ><div class='avia_textblock hd-team '   itemprop=\"text\" ><h2>Stellenangebote \u00dcbersicht<\/h2>\n<\/div><\/section><br \/>\n<div  style='height:30px' class='hr hr-invisible   avia-builder-el-5  el_after_av_textblock  el_before_av_textblock '><span class='hr-inner ' ><span class='hr-inner-style'><\/span><\/span><\/div><br \/>\n<section class=\"av_textblock_section \"  itemscope=\"itemscope\" itemtype=\"https:\/\/schema.org\/CreativeWork\" ><div class='avia_textblock text-team '   itemprop=\"text\" ><p>Zur Verst\u00e4rkung unseres Teams freuen wir uns jederzeit \u00fcber Bewerbungen motivierter, unternehmerisch denkender Rechtsanw\u00e4lte (m\/w\/d). Ihr juristischer Werdegang sollte Schwerpunkte im Arbeitsrecht oder Gesundheitsrecht erkennen lassen und Sie sollten Spa\u00df an einer anspruchsvollen, spannenden juristischen T\u00e4tigkeit haben. Sie sind uns willkommen, gleich ob Sie gerade erst Ihr Referendariat beendet haben oder als Quereinsteiger zu uns sto\u00dfen.<\/p>\n<p>\u00dcberdurchschnittliche Examina (mindestens ein vollbefriedigendes) und gute Englischkenntnisse setzen wir voraus. Eine Zusatzqualifikation (Promotion\/LL.M) ist w\u00fcnschenswert, aber nicht Voraussetzung.<\/p>\n<p>Sollten Sie die Kriterien erf\u00fcllen, bieten wir Ihnen die M\u00f6glichkeit, in einem sympathischen Team unsere anspruchsvolle Klientel umfassend in allen Bereichen des Arbeitsrechts und Gesundheitsrechts zu beraten.<\/p>\n<p>Richten Sie ihre Bewerbung bitte an:<\/p>\n<p><strong><br \/>\nDr. Gunther M\u00e4vers<\/strong><br \/>\n<strong><a href=\"mailto:gunther.maevers@michelspmks.de\">gunther.maevers@michelspmks.de<\/a>\u00a0<\/strong><\/p>\n<\/div><\/section><\/p><\/div><\/div><\/div><\/div><!-- close content main div --><\/div><\/div><div id='hd_verlauf_margin'  class='avia-section main_color avia-section-no-padding avia-no-border-styling  avia-bg-style-scroll  avia-builder-el-7  el_after_av_section  el_before_av_section  hd_verlauf_bg  container_wrap fullsize' style='background-repeat: no-repeat; background-image: url(https:\/\/michelspmks.de\/wp-content\/uploads\/2020\/11\/bg_hd.png);background-attachment: scroll; background-position: top left;  '  data-section-bg-repeat='no-repeat'><div class='container' ><div class='template-page content  av-content-full alpha units'><div class='post-entry post-entry-type-page post-entry-4742'><div class='entry-content-wrapper clearfix'>\n<section class=\"av_textblock_section \"  itemscope=\"itemscope\" itemtype=\"https:\/\/schema.org\/CreativeWork\" ><div class='avia_textblock hd_verlauf_text '   itemprop=\"text\" ><h3>Stellenangebote<\/h3>\n<\/div><\/section>\n<\/p>\n<\/div><\/div><\/div><!-- close content main div --><\/div><\/div><div id='av_section_3'  class='avia-section main_color avia-section-default avia-no-border-styling  avia-bg-style-scroll  avia-builder-el-9  el_after_av_section  el_before_av_codeblock  blog_space  container_wrap fullsize' style=' '  ><div class='container' ><div class='template-page content  av-content-full alpha units'><div class='post-entry post-entry-type-page post-entry-4742'><div class='entry-content-wrapper clearfix'>\n<div   data-autoplay=''  data-interval='5'  data-animation='fade'  data-show_slide_delay='90'  class='avia-content-slider avia-content-grid-active avia-content-slider1 avia-content-slider-even  avia-builder-el-10  avia-builder-el-no-sibling  '  itemscope=\"itemscope\" itemtype=\"https:\/\/schema.org\/Blog\" ><div class='avia-content-slider-inner'><div class='slide-entry-wrap'><article class='slide-entry flex_column  post-entry post-entry-5530 slide-entry-overview slide-loop-1 slide-parity-odd  av_one_half first real-thumbnail post-format-standard'  itemscope=\"itemscope\" itemtype=\"https:\/\/schema.org\/CreativeWork\" ><a href='https:\/\/michelspmks.de\/de\/karriere\/stellenangebote\/rechtsanwalt-mwd-fuer-die-bereiche-restrukturierung' data-rel='slide-1' class='slide-image' title='Rechtsanw\u00e4lte (m\/w\/d)'><img decoding=\"async\" width=\"830\" height=\"560\" src=\"https:\/\/michelspmks.de\/wp-content\/uploads\/2020\/12\/michelspmks_karriere_mi_iStock-1170493746.jpg\" class=\"wp-image-7652 avia-img-lazy-loading-not-7652 attachment-no scaling size-no scaling wp-post-image\" alt=\"michels.pmks Karriere\" srcset=\"https:\/\/michelspmks.de\/wp-content\/uploads\/2020\/12\/michelspmks_karriere_mi_iStock-1170493746.jpg 830w, https:\/\/michelspmks.de\/wp-content\/uploads\/2020\/12\/michelspmks_karriere_mi_iStock-1170493746-300x202.jpg 300w, https:\/\/michelspmks.de\/wp-content\/uploads\/2020\/12\/michelspmks_karriere_mi_iStock-1170493746-768x518.jpg 768w, https:\/\/michelspmks.de\/wp-content\/uploads\/2020\/12\/michelspmks_karriere_mi_iStock-1170493746-705x476.jpg 705w\" sizes=\"(max-width: 830px) 100vw, 830px\" \/><\/a><div class='slide-content'><header class=\"entry-content-header\"><h3 class='slide-entry-title entry-title '  itemprop=\"headline\" ><a href='https:\/\/michelspmks.de\/de\/karriere\/stellenangebote\/rechtsanwalt-mwd-fuer-die-bereiche-restrukturierung' title='Rechtsanw\u00e4lte (m\/w\/d)'>Rechtsanw\u00e4lte (m\/w\/d)<\/a><\/h3><span class=\"av-vertical-delimiter\"><\/span><\/header><\/div><footer class=\"entry-footer\"><\/footer><span class='hidden'>\n\t\t\t\t<span class='av-structured-data'  itemprop=\"image\" itemscope=\"itemscope\" itemtype=\"https:\/\/schema.org\/ImageObject\" >\n\t\t\t\t\t\t<span itemprop='url'>https:\/\/michelspmks.de\/wp-content\/uploads\/2020\/12\/michelspmks_karriere_mi_iStock-1170493746.jpg<\/span>\n\t\t\t\t\t\t<span itemprop='height'>560<\/span>\n\t\t\t\t\t\t<span itemprop='width'>830<\/span>\n\t\t\t\t<\/span>\n\t\t\t\t<span class='av-structured-data'  itemprop=\"publisher\" itemtype=\"https:\/\/schema.org\/Organization\" itemscope=\"itemscope\" >\n\t\t\t\t\t\t<span itemprop='name'>V3ntur13r<\/span>\n\t\t\t\t\t\t<span itemprop='logo' itemscope itemtype='https:\/\/schema.org\/ImageObject'>\n\t\t\t\t\t\t\t<span itemprop='url'>https:\/\/michelspmks.de\/wp-content\/uploads\/2020\/11\/logo-pmks-1.png<\/span>\n\t\t\t\t\t\t <\/span>\n\t\t\t\t<\/span><span class='av-structured-data'  itemprop=\"author\" itemscope=\"itemscope\" itemtype=\"https:\/\/schema.org\/Person\" ><span itemprop='name'>V3ntur13r<\/span><\/span><span class='av-structured-data'  itemprop=\"datePublished\" datetime=\"2020-12-15T15:32:32+01:00\" >2020-12-15 16:17:29<\/span><span class='av-structured-data'  itemprop=\"dateModified\" itemtype=\"https:\/\/schema.org\/dateModified\" >2021-01-11 16:33:28<\/span><span class='av-structured-data'  itemprop=\"mainEntityOfPage\" itemtype=\"https:\/\/schema.org\/mainEntityOfPage\" ><span itemprop='name'>Rechtsanw\u00e4lte (m\/w\/d)<\/span><\/span><\/span><\/article><article class='slide-entry flex_column  post-entry post-entry-4527 slide-entry-overview slide-loop-2 slide-parity-even  post-entry-last  av_one_half  real-thumbnail post-format-standard'  itemscope=\"itemscope\" itemtype=\"https:\/\/schema.org\/CreativeWork\" ><a href='https:\/\/michelspmks.de\/de\/rechtsanwaltsfachenangestellte\/r-m\/w\/d-standort%3A-koeln' data-rel='slide-1' class='slide-image' title='Rechtsanwaltsfachenangestellte\/r (m\/w\/d) (Standort:  K\u00f6ln)'><img decoding=\"async\" width=\"2560\" height=\"1707\" src=\"https:\/\/michelspmks.de\/wp-content\/uploads\/2020\/12\/AdobeStock_376640094-scaled.jpeg\" class=\"wp-image-13608 avia-img-lazy-loading-not-13608 attachment-no scaling size-no scaling wp-post-image\" alt=\"\" srcset=\"https:\/\/michelspmks.de\/wp-content\/uploads\/2020\/12\/AdobeStock_376640094-scaled.jpeg 2560w, https:\/\/michelspmks.de\/wp-content\/uploads\/2020\/12\/AdobeStock_376640094-768x512.jpeg 768w, https:\/\/michelspmks.de\/wp-content\/uploads\/2020\/12\/AdobeStock_376640094-1536x1024.jpeg 1536w, https:\/\/michelspmks.de\/wp-content\/uploads\/2020\/12\/AdobeStock_376640094-2048x1365.jpeg 2048w, https:\/\/michelspmks.de\/wp-content\/uploads\/2020\/12\/AdobeStock_376640094-1500x1000.jpeg 1500w, https:\/\/michelspmks.de\/wp-content\/uploads\/2020\/12\/AdobeStock_376640094-705x470.jpeg 705w\" sizes=\"(max-width: 2560px) 100vw, 2560px\" \/><\/a><div class='slide-content'><header class=\"entry-content-header\"><h3 class='slide-entry-title entry-title '  itemprop=\"headline\" ><a href='https:\/\/michelspmks.de\/de\/rechtsanwaltsfachenangestellte\/r-m\/w\/d-standort%3A-koeln' title='Rechtsanwaltsfachenangestellte\/r (m\/w\/d) (Standort:  K\u00f6ln)'>Rechtsanwaltsfachenangestellte\/r (m\/w\/d) (Standort:  K\u00f6ln)<\/a><\/h3><span class=\"av-vertical-delimiter\"><\/span><\/header><\/div><footer class=\"entry-footer\"><\/footer><span class='hidden'>\n\t\t\t\t<span class='av-structured-data'  itemprop=\"image\" itemscope=\"itemscope\" itemtype=\"https:\/\/schema.org\/ImageObject\" >\n\t\t\t\t\t\t<span itemprop='url'>https:\/\/michelspmks.de\/wp-content\/uploads\/2020\/12\/AdobeStock_376640094-scaled.jpeg<\/span>\n\t\t\t\t\t\t<span itemprop='height'>1707<\/span>\n\t\t\t\t\t\t<span itemprop='width'>2560<\/span>\n\t\t\t\t<\/span>\n\t\t\t\t<span class='av-structured-data'  itemprop=\"publisher\" itemtype=\"https:\/\/schema.org\/Organization\" itemscope=\"itemscope\" >\n\t\t\t\t\t\t<span itemprop='name'>V3ntur13r<\/span>\n\t\t\t\t\t\t<span itemprop='logo' itemscope itemtype='https:\/\/schema.org\/ImageObject'>\n\t\t\t\t\t\t\t<span itemprop='url'>https:\/\/michelspmks.de\/wp-content\/uploads\/2020\/11\/logo-pmks-1.png<\/span>\n\t\t\t\t\t\t <\/span>\n\t\t\t\t<\/span><span class='av-structured-data'  itemprop=\"author\" itemscope=\"itemscope\" itemtype=\"https:\/\/schema.org\/Person\" ><span itemprop='name'>V3ntur13r<\/span><\/span><span class='av-structured-data'  itemprop=\"datePublished\" datetime=\"2020-12-15T15:32:32+01:00\" >2020-12-07 21:51:40<\/span><span class='av-structured-data'  itemprop=\"dateModified\" itemtype=\"https:\/\/schema.org\/dateModified\" >2025-05-27 11:07:37<\/span><span class='av-structured-data'  itemprop=\"mainEntityOfPage\" itemtype=\"https:\/\/schema.org\/mainEntityOfPage\" ><span itemprop='name'>Rechtsanwaltsfachenangestellte\/r (m\/w\/d) (Standort:  K\u00f6ln)<\/span><\/span><\/span><\/article><\/div><\/div><\/div>\n<\/div><\/div><\/div><!-- close content main div --><\/div><\/div><div id='after_section_3'  class='main_color av_default_container_wrap container_wrap fullsize' style=' '  ><div class='container' ><div class='template-page content  av-content-full alpha units'><div class='post-entry post-entry-type-page post-entry-4742'><div class='entry-content-wrapper clearfix'>\n\n","protected":false},"excerpt":{"rendered":"","protected":false},"author":1,"featured_media":7226,"parent":0,"menu_order":2,"comment_status":"closed","ping_status":"closed","template":"","meta":{"footnotes":""},"yoast_head":"<!-- This site is optimized with the Yoast SEO plugin v22.8 - https:\/\/yoast.com\/wordpress\/plugins\/seo\/ -->\n<title>Stellenangebote \u203a michels.pmks<\/title>\n<meta name=\"robots\" content=\"index, follow, max-snippet:-1, max-image-preview:large, max-video-preview:-1\" \/>\n<link rel=\"canonical\" href=\"https:\/\/michelspmks.de\/de\/karriere\/stellenangebote\/\" \/>\n<meta property=\"og:locale\" content=\"de_DE\" \/>\n<meta property=\"og:type\" content=\"article\" \/>\n<meta property=\"og:title\" content=\"Stellenangebote \u203a michels.pmks\" \/>\n<meta property=\"og:url\" content=\"https:\/\/michelspmks.de\/de\/karriere\/stellenangebote\" \/>\n<meta property=\"og:site_name\" content=\"michels.pmks\" \/>\n<meta property=\"article:modified_time\" content=\"2025-12-05T08:54:49+00:00\" \/>\n<meta property=\"og:image\" content=\"https:\/\/michelspmks.de\/wp-content\/uploads\/2020\/12\/michelspmks_Karriere_klein-copy.jpg\" \/>\n\t<meta property=\"og:image:width\" content=\"600\" \/>\n\t<meta property=\"og:image:height\" content=\"560\" \/>\n\t<meta property=\"og:image:type\" content=\"image\/jpeg\" \/>\n<meta name=\"twitter:card\" content=\"summary_large_image\" \/>\n<script type=\"application\/ld+json\" class=\"yoast-schema-graph\">{\"@context\":\"https:\/\/schema.org\",\"@graph\":[{\"@type\":\"WebPage\",\"@id\":\"https:\/\/michelspmks.de\/de\/karriere\/stellenangebote\",\"url\":\"https:\/\/michelspmks.de\/de\/karriere\/stellenangebote\",\"name\":\"Stellenangebote \u203a michels.pmks\",\"isPartOf\":{\"@id\":\"https:\/\/michelspmks.de\/de\/#website\"},\"primaryImageOfPage\":{\"@id\":\"https:\/\/michelspmks.de\/de\/karriere\/stellenangebote#primaryimage\"},\"image\":{\"@id\":\"https:\/\/michelspmks.de\/de\/karriere\/stellenangebote#primaryimage\"},\"thumbnailUrl\":\"https:\/\/michelspmks.de\/wp-content\/uploads\/2020\/12\/michelspmks_Karriere_klein-copy.jpg\",\"datePublished\":\"2020-12-15T14:32:32+00:00\",\"dateModified\":\"2025-12-05T08:54:49+00:00\",\"breadcrumb\":{\"@id\":\"https:\/\/michelspmks.de\/de\/karriere\/stellenangebote#breadcrumb\"},\"inLanguage\":\"de\",\"potentialAction\":[{\"@type\":\"ReadAction\",\"target\":[\"https:\/\/michelspmks.de\/de\/karriere\/stellenangebote\"]}]},{\"@type\":\"ImageObject\",\"inLanguage\":\"de\",\"@id\":\"https:\/\/michelspmks.de\/de\/karriere\/stellenangebote#primaryimage\",\"url\":\"https:\/\/michelspmks.de\/wp-content\/uploads\/2020\/12\/michelspmks_Karriere_klein-copy.jpg\",\"contentUrl\":\"https:\/\/michelspmks.de\/wp-content\/uploads\/2020\/12\/michelspmks_Karriere_klein-copy.jpg\",\"width\":600,\"height\":560},{\"@type\":\"BreadcrumbList\",\"@id\":\"https:\/\/michelspmks.de\/de\/karriere\/stellenangebote#breadcrumb\",\"itemListElement\":[{\"@type\":\"ListItem\",\"position\":1,\"name\":\"Startseite\",\"item\":\"https:\/\/michelspmks.de\/de\/\"},{\"@type\":\"ListItem\",\"position\":2,\"name\":\"Stellenangebote\"}]},{\"@type\":\"WebSite\",\"@id\":\"https:\/\/michelspmks.de\/de\/#website\",\"url\":\"https:\/\/michelspmks.de\/de\/\",\"name\":\"michels.pmks\",\"description\":\"Fachanw\u00e4lte\",\"potentialAction\":[{\"@type\":\"SearchAction\",\"target\":{\"@type\":\"EntryPoint\",\"urlTemplate\":\"https:\/\/michelspmks.de\/de\/?s={search_term_string}\"},\"query-input\":\"required name=search_term_string\"}],\"inLanguage\":\"de\"}]}<\/script>\n<!-- \/ Yoast SEO plugin. -->","yoast_head_json":{"title":"Stellenangebote \u203a michels.pmks","robots":{"index":"index","follow":"follow","max-snippet":"max-snippet:-1","max-image-preview":"max-image-preview:large","max-video-preview":"max-video-preview:-1"},"canonical":"https:\/\/michelspmks.de\/de\/karriere\/stellenangebote\/","og_locale":"de_DE","og_type":"article","og_title":"Stellenangebote \u203a michels.pmks","og_url":"https:\/\/michelspmks.de\/de\/karriere\/stellenangebote","og_site_name":"michels.pmks","article_modified_time":"2025-12-05T08:54:49+00:00","og_image":[{"width":600,"height":560,"url":"https:\/\/michelspmks.de\/wp-content\/uploads\/2020\/12\/michelspmks_Karriere_klein-copy.jpg","type":"image\/jpeg"}],"twitter_card":"summary_large_image","schema":{"@context":"https:\/\/schema.org","@graph":[{"@type":"WebPage","@id":"https:\/\/michelspmks.de\/de\/karriere\/stellenangebote","url":"https:\/\/michelspmks.de\/de\/karriere\/stellenangebote","name":"Stellenangebote \u203a michels.pmks","isPartOf":{"@id":"https:\/\/michelspmks.de\/de\/#website"},"primaryImageOfPage":{"@id":"https:\/\/michelspmks.de\/de\/karriere\/stellenangebote#primaryimage"},"image":{"@id":"https:\/\/michelspmks.de\/de\/karriere\/stellenangebote#primaryimage"},"thumbnailUrl":"https:\/\/michelspmks.de\/wp-content\/uploads\/2020\/12\/michelspmks_Karriere_klein-copy.jpg","datePublished":"2020-12-15T14:32:32+00:00","dateModified":"2025-12-05T08:54:49+00:00","breadcrumb":{"@id":"https:\/\/michelspmks.de\/de\/karriere\/stellenangebote#breadcrumb"},"inLanguage":"de","potentialAction":[{"@type":"ReadAction","target":["https:\/\/michelspmks.de\/de\/karriere\/stellenangebote"]}]},{"@type":"ImageObject","inLanguage":"de","@id":"https:\/\/michelspmks.de\/de\/karriere\/stellenangebote#primaryimage","url":"https:\/\/michelspmks.de\/wp-content\/uploads\/2020\/12\/michelspmks_Karriere_klein-copy.jpg","contentUrl":"https:\/\/michelspmks.de\/wp-content\/uploads\/2020\/12\/michelspmks_Karriere_klein-copy.jpg","width":600,"height":560},{"@type":"BreadcrumbList","@id":"https:\/\/michelspmks.de\/de\/karriere\/stellenangebote#breadcrumb","itemListElement":[{"@type":"ListItem","position":1,"name":"Startseite","item":"https:\/\/michelspmks.de\/de\/"},{"@type":"ListItem","position":2,"name":"Stellenangebote"}]},{"@type":"WebSite","@id":"https:\/\/michelspmks.de\/de\/#website","url":"https:\/\/michelspmks.de\/de\/","name":"michels.pmks","description":"Fachanw\u00e4lte","potentialAction":[{"@type":"SearchAction","target":{"@type":"EntryPoint","urlTemplate":"https:\/\/michelspmks.de\/de\/?s={search_term_string}"},"query-input":"required name=search_term_string"}],"inLanguage":"de"}]}},"_links":{"self":[{"href":"https:\/\/michelspmks.de\/de\/wp-json\/wp\/v2\/pages\/4742"}],"collection":[{"href":"https:\/\/michelspmks.de\/de\/wp-json\/wp\/v2\/pages"}],"about":[{"href":"https:\/\/michelspmks.de\/de\/wp-json\/wp\/v2\/types\/page"}],"author":[{"embeddable":true,"href":"https:\/\/michelspmks.de\/de\/wp-json\/wp\/v2\/users\/1"}],"replies":[{"embeddable":true,"href":"https:\/\/michelspmks.de\/de\/wp-json\/wp\/v2\/comments?post=4742"}],"version-history":[{"count":40,"href":"https:\/\/michelspmks.de\/de\/wp-json\/wp\/v2\/pages\/4742\/revisions"}],"predecessor-version":[{"id":14091,"href":"https:\/\/michelspmks.de\/de\/wp-json\/wp\/v2\/pages\/4742\/revisions\/14091"}],"wp:featuredmedia":[{"embeddable":true,"href":"https:\/\/michelspmks.de\/de\/wp-json\/wp\/v2\/media\/7226"}],"wp:attachment":[{"href":"https:\/\/michelspmks.de\/de\/wp-json\/wp\/v2\/media?parent=4742"}],"curies":[{"name":"wp","href":"https:\/\/api.w.org\/{rel}","templated":true}]}}