{"id":5137,"date":"2020-12-09T17:42:20","date_gmt":"2020-12-09T16:42:20","guid":{"rendered":"https:\/\/michelspmks.de\/?page_id=5137"},"modified":"2025-04-01T11:23:12","modified_gmt":"2025-04-01T09:23:12","slug":"historie","status":"publish","type":"page","link":"https:\/\/michelspmks.de\/de\/historie","title":{"rendered":"Historie"},"content":{"rendered":"<div class=\"flex_column av_one_full  av-animated-generic fade-in  flex_column_div av-zero-column-padding first  avia-builder-el-0  el_before_av_section  avia-builder-el-no-sibling  space_up \" style='border-radius:0px; ' id=\"image-hd-text\" ><div  id=\"header-start\"  class='avia-image-container avia_animated_image avia_animate_when_almost_visible fade-in av-styling-  noHover  av-overlay-hover-deactivate   avia-builder-el-1  avia-builder-el-no-sibling  header-start avia-align-center '  itemprop=\"image\" itemscope=\"itemscope\" itemtype=\"https:\/\/schema.org\/ImageObject\"  ><div class='avia-image-container-inner'><div class='avia-image-overlay-wrap'><div class='av-image-caption-overlay'><div class='av-caption-image-overlay-bg' style='opacity:0.1; background-color:#ffffff; '><\/div><div class='av-image-caption-overlay-position'><div class='av-image-caption-overlay-center' style='color:#000000; font-size:20px; '><h1>HISTORIE<\/h1>\n<\/div><\/div><\/div><img decoding=\"async\" class='wp-image-7293 avia-img-lazy-loading-not-7293 avia_image' src=\"https:\/\/michelspmks.de\/wp-content\/uploads\/2020\/12\/michelspmks_Profil_.jpg\" alt='Michels.pmks Kanzlei' title='michelspmks_Profil_' height=\"1126\" width=\"2000\"  itemprop=\"thumbnailUrl\" srcset=\"https:\/\/michelspmks.de\/wp-content\/uploads\/2020\/12\/michelspmks_Profil_.jpg 2000w, https:\/\/michelspmks.de\/wp-content\/uploads\/2020\/12\/michelspmks_Profil_-300x169.jpg 300w, https:\/\/michelspmks.de\/wp-content\/uploads\/2020\/12\/michelspmks_Profil_-1030x580.jpg 1030w, https:\/\/michelspmks.de\/wp-content\/uploads\/2020\/12\/michelspmks_Profil_-768x432.jpg 768w, https:\/\/michelspmks.de\/wp-content\/uploads\/2020\/12\/michelspmks_Profil_-1536x865.jpg 1536w, https:\/\/michelspmks.de\/wp-content\/uploads\/2020\/12\/michelspmks_Profil_-1500x845.jpg 1500w, https:\/\/michelspmks.de\/wp-content\/uploads\/2020\/12\/michelspmks_Profil_-705x397.jpg 705w\" sizes=\"(max-width: 2000px) 100vw, 2000px\" \/><\/div><\/div><\/div><\/div>\n<\/div><\/div><\/div><!-- close content main div --><\/div><\/div><div id='av_section_1'  class='avia-section main_color avia-section-no-padding avia-no-border-styling  avia-bg-style-scroll  avia-builder-el-2  el_after_av_one_full  el_before_av_section  space_up  container_wrap fullsize' style=' '  ><div class='container' ><div class='template-page content  av-content-full alpha units'><div class='post-entry post-entry-type-page post-entry-5137'><div class='entry-content-wrapper clearfix'>\n<div class=\"flex_column av_one_full  flex_column_div av-zero-column-padding first  avia-builder-el-3  avia-builder-el-no-sibling  \" style='border-radius:0px; '><p><section class=\"av_textblock_section \"  itemscope=\"itemscope\" itemtype=\"https:\/\/schema.org\/CreativeWork\" ><div class='avia_textblock mandant '   itemprop=\"text\" ><\/div><\/section><br \/>\n<section class=\"av_textblock_section \"  itemscope=\"itemscope\" itemtype=\"https:\/\/schema.org\/CreativeWork\" ><div class='avia_textblock mandant-text '   itemprop=\"text\" ><p><strong>Von der Gr\u00fcndung \u2026<\/strong><br \/>\nmichels.pmks ist aus einer langj\u00e4hrigen Zusammenarbeit entstanden und im Jahr 2014 von den f\u00fcnf Partnern Dr. Marcus Michels, Markus Pillok, Dr. Kerrin Schillhorn sowie Dr. Gunther M\u00e4vers und Ulrich Kortmann gegr\u00fcndet worden. Von Beginn an Teil des Teams ist Dr. Jannis Kamann, mittlerweile ebenfalls Partner der Soziet\u00e4t.<br \/>\n<br class=\"avia-permanent-lb\" \/><\/p>\n<p><strong>\u2026 \u00fcber kontinuierliches Wachstum<\/strong><br \/>\nSeitdem sind wir stetig gewachsen. Im Jahr 2016 trat mit Dr. Tilman Isenhardt ein weiterer renommierter arbeitsrechtlicher Experte in die Partnerschaft ein. Im Jahr 2018 folgte ihm Jens-Peter Jahn, der als Fachanwalt f\u00fcr Medizinrecht das gesundheitsrechtliche Dezernat mit seiner langj\u00e4hrigen Expertise im Vertragsarztrecht verst\u00e4rkt. Zum 1. November 2020 konnte mit Dr. Matthias Kappus ein weiterer hochkar\u00e4tiger Partner f\u00fcr den Bereich Arbeitsrecht gewonnen werden.<br \/>\n<br class=\"avia-permanent-lb\" \/><\/p>\n<p><strong>\u2026 bis zur Er\u00f6ffnung unseres zweiten Standorts in D\u00fcsseldorf.<\/strong><br \/>\nSeit dem 1. Januar 2021 verf\u00fcgt die Kanzlei nunmehr auch \u00fcber einen Standort in D\u00fcsseldorf. Mit den dort t\u00e4tigen gesch\u00e4tzten und namhaften Partnern Dr. Sebastian Mai\u00df und Peter H\u00fctzen ist der Grundstein f\u00fcr die personelle und r\u00e4umliche Erweiterung von michels.pmks gelegt. Sie alle verf\u00fcgen \u00fcber langj\u00e4hrige Erfahrungen in f\u00fchrenden Arbeitsrechtskanzleien und passen damit perfekt zu unserem partnerschaftlichen Beratungsansatz.<br \/>\n<br class=\"avia-permanent-lb\" \/><\/p>\n<\/div><\/section><\/p><\/div><\/div><\/div><\/div><!-- close content main div --><\/div><\/div><div id='kanzlei'  class='avia-section main_color avia-section-no-padding avia-no-border-styling  avia-bg-style-scroll  avia-builder-el-6  el_after_av_section  el_before_av_postcontent  bg_full  container_wrap fullsize' style='background-color: #e3e2de;  '  ><div class='container' ><div class='template-page content  av-content-full alpha units'><div class='post-entry post-entry-type-page post-entry-5137'><div class='entry-content-wrapper clearfix'>\n<div class='flex_column_table av-equal-height-column-flextable -flextable' ><div class=\"flex_column av_one_third  av-animated-generic pop-up  no_margin flex_column_table_cell av-equal-height-column av-align-top av-zero-column-padding first  avia-builder-el-7  el_before_av_two_third  avia-builder-el-first  pad \" style='background: #e3e2de; background-color:#e3e2de; border-radius:0px; ' id=\"subnav_mob_arbeitsrecht_1\" ><section class=\"av_textblock_section \"  id=\"sub_navi\"  itemscope=\"itemscope\" itemtype=\"https:\/\/schema.org\/CreativeWork\" ><div class='avia_textblock sub_navi '   itemprop=\"text\" ><ul>\n<li><a href=\"https:\/\/michelspmks.de\/de\/kanzlei\">Kanzlei<\/a><\/li>\n<\/ul>\n<\/div><\/section><\/div><div class=\"flex_column av_two_third  no_margin flex_column_table_cell av-equal-height-column av-align-top   avia-builder-el-9  el_after_av_one_third  avia-builder-el-last  \" ><div  class='avia-image-container avia_animated_image avia_animate_when_almost_visible fade-in av-styling-  noHover  av-overlay-hover-deactivate   avia-builder-el-10  avia-builder-el-no-sibling  text_img_left avia-align-right '  itemprop=\"image\" itemscope=\"itemscope\" itemtype=\"https:\/\/schema.org\/ImageObject\"  ><div class='avia-image-container-inner'><div class='avia-image-overlay-wrap'><div class='av-image-caption-overlay'><div class='av-caption-image-overlay-bg' style='opacity:0.1; background-color:#ffffff; '><\/div><div class='av-image-caption-overlay-position'><div class='av-image-caption-overlay-center' style='color:#000000; '><h2>Historie<\/h2>\n<\/div><\/div><\/div><img decoding=\"async\" class='wp-image-7279 avia-img-lazy-loading-not-7279 avia_image' src=\"https:\/\/michelspmks.de\/wp-content\/uploads\/2020\/12\/michelspmks_Kanzlei.jpg\" alt='' title='michelspmks_Kanzlei' height=\"612\" width=\"1030\"  itemprop=\"thumbnailUrl\" srcset=\"https:\/\/michelspmks.de\/wp-content\/uploads\/2020\/12\/michelspmks_Kanzlei.jpg 1030w, https:\/\/michelspmks.de\/wp-content\/uploads\/2020\/12\/michelspmks_Kanzlei-300x178.jpg 300w, https:\/\/michelspmks.de\/wp-content\/uploads\/2020\/12\/michelspmks_Kanzlei-768x456.jpg 768w, https:\/\/michelspmks.de\/wp-content\/uploads\/2020\/12\/michelspmks_Kanzlei-705x419.jpg 705w\" sizes=\"(max-width: 1030px) 100vw, 1030px\" \/><\/div><\/div><\/div><\/div><\/div><!--close column table wrapper. Autoclose: 1 -->\n<\/p>\n[av_section min_height='' min_height_pc='25' min_height_px='30px' padding='no-padding' custom_margin='0px' custom_margin_sync='true' color='main_color' background='bg_color' custom_bg='' background_gradient_color1='' background_gradient_color2='' background_gradient_direction='vertical' src='https:\/\/michelspmks.de\/wp-content\/uploads\/2020\/11\/bg_hd.png' attachment='3405' attachment_size='full' attach='scroll' position='top left' repeat='no-repeat' video='' video_ratio='16:9' overlay_opacity='0.5' overlay_color='' overlay_pattern='' overlay_custom_pattern='' shadow='no-border-styling' bottom_border='no-border-styling' bottom_border_diagonal_color='#333333' bottom_border_diagonal_direction='' bottom_border_style='' custom_arrow_bg='' id='hd_verlauf_margin' custom_class='hd_verlauf_bg' aria_label='' av_element_hidden_in_editor='0' av_uid='av-bd13q']\r\n[av_textblock size='' av-medium-font-size='' av-small-font-size='' av-mini-font-size='' font_color='' color='' id='' custom_class='hd_verlauf_text' av_uid='av-khm2ajkj' admin_preview_bg='']\r\n<h3>insight.pmks<\/h3>\r\n[\/av_textblock]\r\n[\/av_section]\r\n\r\n[av_one_full first min_height='av-equal-height-column' vertical_alignment='av-align-top' space='' row_boxshadow_color='' row_boxshadow_width='10' custom_margin='aviaTBcustom_margin' margin='-30px,0px' mobile_breaking='av-break-at-tablet' border='' border_color='' radius='0px' radius_sync='true' padding='0px' padding_sync='true' column_boxshadow_color='' column_boxshadow_width='10' background='bg_color' background_color='' background_gradient_color1='' background_gradient_color2='' background_gradient_direction='vertical' src='' attachment='' attachment_size='' background_position='top left' background_repeat='no-repeat' highlight_size='1.1' animation='' link='' linktarget='' link_hover='' title_attr='' alt_attr='' mobile_display='' id='sorter' custom_class='' aria_label='' av_uid='av-2mkzzv']\r\n\r\n[av_masonry_entries link='category,21,4' wc_prod_visible='' wc_prod_hidden='hide' wc_prod_featured='' prod_order_by='' prod_order='' date_filter='date_filter' date_filter_start='' date_filter_end='' date_filter_format='yy\/mm\/dd' sort='no' query_orderby='date' query_order='DESC' caption_elements='title' caption_styling='overlay' caption_display='always' size='flex' orientation='' gap='large' columns='3' av-medium-columns='3' av-small-columns='1' av-mini-columns='1' items='3' paginate='none' color='' custom_bg='' overlay_fx='' animation='active' lazy_loading='enabled' id='blog_uebersicht' custom_class='' av_uid='av-kizwc1wp']\r\n\r\n[\/av_one_full]\n[av_section min_height='custom' min_height_pc='25' min_height_px='770' padding='no-padding' custom_margin='0px,50px' color='main_color' background='bg_color' custom_bg='' background_gradient_color1='' background_gradient_color2='' background_gradient_direction='vertical' src='https:\/\/michelspmks.de\/wp-content\/uploads\/2021\/01\/michelspmks_Wie_AdobeStock_285954982.jpg' attachment='10856' attachment_size='full' attach='parallax' position='center center' repeat='stretch' video='' video_ratio='16:9' overlay_opacity='0.3' overlay_color='#000000' overlay_pattern='' overlay_custom_pattern='' shadow='no-border-styling' bottom_border='no-border-styling' bottom_border_diagonal_color='#333333' bottom_border_diagonal_direction='' bottom_border_style='' custom_arrow_bg='' id='mp-cta-outer' custom_class='bg_full' aria_label='' av_element_hidden_in_editor='0' av_uid='av-730aja']\r\n\r\n[av_textblock size='' av-medium-font-size='' av-small-font-size='' av-mini-font-size='' font_color='' color='' id='mp-cta-inner' custom_class='mp-cta-inner' av_uid='av-kjk1yt92' admin_preview_bg='']\r\n<h3>WIE K\u00d6NNEN WIR SIE UNTERST\u00dcTZEN?<\/h3>\r\nSie sagen uns, um was es geht und wir melden uns umgehend bei Ihnen.\r\n\r\n[av_button label='Kontakt aufnehmen' icon_select='yes-right-icon' icon='ue879' font='entypo-fontello' link='manually,https:\/\/michelspmks.de\/de\/kontakt\/' link_target='' size='large' position='left' label_display='' title_attr='' color_options='color_options_advanced' color='theme-color' custom_bg='#ffffff' custom_font='#000000' btn_color_bg='custom' btn_custom_bg='#ffffff' btn_color_bg_hover='#ffffff' btn_custom_bg_hover='#ffffff' btn_color_font='#000000' btn_custom_font='#000000' id='' custom_class='' av_uid='av-91xla' admin_preview_bg='']\r\n[\/av_textblock]\r\n\r\n[\/av_section]\n\n[av_slideshow_full size='no scaling' min_height='350' stretch='image_no_stretch' control_layout='av-control-minimal av-control-minimal-dark' src='' attachment='' attachment_size='' position='top left' repeat='no-repeat' attach='scroll' conditional_play='' animation='slide' transition_speed='' autoplay='true' interval='10' lazy_loading='disabled' av-mini-hide='aviaTBav-mini-hide' id='testimonial-slider' custom_class='slideshow' av_uid='av-kik0iqw7']\r\n[av_slide_full slide_type='image' id='5980' video='https:\/\/' mobile_image='' fallback_link='https:\/\/' title='\u201eEin sehr versiertes Beratungsteam mit gro\u00dfer Schlagkraft\u201c \u201eFeste Gr\u00f6\u00dfe im Arbeitsrecht\u201c ' video_format='' video_ratio='16:9' caption_pos='caption_right' custom_title_size='22' av-medium-font-size-title='' av-small-font-size-title='' av-mini-font-size-title='16' custom_content_size='18' av-medium-font-size='' av-small-font-size='' av-mini-font-size='' font_color='custom' custom_title='#000000' custom_content='#000000' heading_tag='' heading_class='' link_apply='' link='lightbox' link_target='' button_label='Click me' button_color='light' link1='manually,http:\/\/' link_target1='' button_label2='Click me' button_color2='light' link2='manually,http:\/\/' link_target2='' overlay_opacity='1' overlay_color='' overlay_pattern='custom' overlay_custom_pattern='https:\/\/michelspmks.de\/wp-content\/uploads\/2020\/12\/bg_helfen.png' av_uid='av-6y1k9' video_autoplay='' video_controls='' video_mute='' video_loop='' overlay_enable='']\r\n<span class=\"bold\">Arbeitsrecht\r\nJUVE Handbuch Wirtschaftskanzleien | Empfohlene Kanzlei im Arbeitsrecht. \u00ab JUVE HANDBUCH \u00ab JUVE<\/span>\r\n[\/av_slide_full]\r\n[av_slide_full slide_type='image' id='12792' video='https:\/\/' mobile_image='' fallback_link='https:\/\/' title='\u201eUnschlagbare Kompetenz\" \u201eDie Praxis um Dr. Kerrin Schillhorn z\u00e4hlt zu den festen Gr\u00f6\u00dfen im Krankenhausplanungsrecht\u201c' video_format='' video_ratio='16:9' caption_pos='caption_right' custom_title_size='22' av-medium-font-size-title='' av-small-font-size-title='' av-mini-font-size-title='16' custom_content_size='18' av-medium-font-size='' av-small-font-size='' av-mini-font-size='' font_color='custom' custom_title='#000000' custom_content='#000000' heading_tag='' heading_class='' link_apply='' link='lightbox' link_target='' button_label='Click me' button_color='light' link1='manually,http:\/\/' link_target1='' button_label2='Click me' button_color2='light' link2='manually,http:\/\/' link_target2='' overlay_opacity='1' overlay_color='' overlay_pattern='custom' overlay_custom_pattern='https:\/\/michelspmks.de\/wp-content\/uploads\/2020\/12\/bg_helfen.png' av_uid='av-p1u2h']\r\n<span class=\"bold\">Gesundheitsrecht\r\n<span class=\"bold\">JUVE Handbuch Wirtschaftskanzleien | Empfohlene Kanzlei im Gesundheitsrecht.\r\nJUVE HANDBUCH \u00ab JUVE<\/span>\r\n[\/av_slide_full]\r\n[av_slide_full slide_type='image' id='5979' video='https:\/\/' mobile_image='' fallback_link='https:\/\/' title='\u201eDie K\u00f6lner Boutique besticht durch schnelle und ergebnisorientierte\u201c Beratung auf der gesamten Bandbreite arbeitsrechtlicher Fragestellungen.\u201c' video_format='' video_ratio='16:9' caption_pos='caption_right' custom_title_size='22' av-medium-font-size-title='' av-small-font-size-title='' av-mini-font-size-title='16' custom_content_size='18' av-medium-font-size='' av-small-font-size='' av-mini-font-size='' font_color='custom' custom_title='#000000' custom_content='#000000' heading_tag='' heading_class='' link_apply='' link='lightbox' link_target='' button_label='Click me' button_color='light' link1='manually,http:\/\/' link_target1='' button_label2='Click me' button_color2='light' link2='manually,http:\/\/' link_target2='' overlay_opacity='1' overlay_color='' overlay_pattern='custom' overlay_custom_pattern='https:\/\/michelspmks.de\/wp-content\/uploads\/2020\/12\/bg_helfen.png' video_autoplay='' video_controls='' video_mute='' video_loop='' overlay_enable='' av_uid='av-5mw86h']\r\n<span class=\"bold\">Arbeitsrecht\r\n<span class=\"bold\">Handelsblatt | The Best Lawyers im Arbeitsrecht<\/span>\r\n[\/av_slide_full]\r\n[av_slide_full slide_type='image' id='12796' video='https:\/\/' mobile_image='' fallback_link='https:\/\/' title='Dr. Marcus Michels: \u201ekompetent\u201c, \u201e\u00fcber jeden Zweifel erhaben, souver\u00e4n, taktisch versiert u. ein hervorragender Jurist, sehr pr\u00e4sent im Projektgesch\u00e4ft, etwa bei Betriebs\u00e4nderungen\u201c.' video_format='' video_ratio='16:9' caption_pos='caption_right' custom_title_size='22' av-medium-font-size-title='' av-small-font-size-title='' av-mini-font-size-title='16' custom_content_size='18' av-medium-font-size='' av-small-font-size='' av-mini-font-size='' font_color='custom' custom_title='#000000' custom_content='#000000' heading_tag='' heading_class='' link_apply='' link='lightbox' link_target='' button_label='Click me' button_color='light' link1='manually,http:\/\/' link_target1='' button_label2='Click me' button_color2='light' link2='manually,http:\/\/' link_target2='' overlay_opacity='1' overlay_color='' overlay_pattern='custom' overlay_custom_pattern='https:\/\/michelspmks.de\/wp-content\/uploads\/2020\/12\/bg_helfen.png' av_uid='av-4068s9']\r\n<span class=\"bold\">Arbeitsrecht |\r\n<span class=\"bold\">Wettbewerber<\/span>\r\n[\/av_slide_full]\r\n[av_slide_full slide_type='image' id='10753' video='https:\/\/' mobile_image='' fallback_link='https:\/\/' title='\u201egenie\u00dft hohes Ansehen\u201c, \u201ebeeindruckende Expertise im Arbeitsmigrationsrecht und internationalen Arbeitsrecht\u201c ' video_format='' video_ratio='16:9' caption_pos='caption_right' custom_title_size='22' av-medium-font-size-title='' av-small-font-size-title='' av-mini-font-size-title='16' custom_content_size='18' av-medium-font-size='' av-small-font-size='' av-mini-font-size='' font_color='custom' custom_title='#000000' custom_content='#000000' heading_tag='' heading_class='' link_apply='' link='lightbox' link_target='' button_label='Click me' button_color='light' link1='manually,http:\/\/' link_target1='' button_label2='Click me' button_color2='light' link2='manually,http:\/\/' link_target2='' overlay_opacity='1' overlay_color='' overlay_pattern='custom' overlay_custom_pattern='https:\/\/michelspmks.de\/wp-content\/uploads\/2020\/12\/bg_helfen.png' video_autoplay='' video_controls='' video_mute='' video_loop='' overlay_enable='' av_uid='av-1wd4bt']\r\n<span class=\"bold\">Arbeitsrecht |\r\n<span class=\"bold\">Unternehmen und Wettbewerber \u00fcber Dr. Gunther M\u00e4vers<\/span>\r\n[\/av_slide_full]\r\n[av_slide_full slide_type='image' id='7034' video='https:\/\/' mobile_image='' fallback_link='https:\/\/' title='Dr. Sebastian Mai\u00df, \"Top-Berater\",\"sehr engagiert, kreativ, pr\u00e4sent u. gut vernetzt\" ' video_format='' video_ratio='16:9' caption_pos='caption_right' custom_title_size='22' av-medium-font-size-title='' av-small-font-size-title='' av-mini-font-size-title='16' custom_content_size='18' av-medium-font-size='' av-small-font-size='' av-mini-font-size='' font_color='custom' custom_title='#000000' custom_content='#000000' heading_tag='' heading_class='' link_apply='' link='lightbox' link_target='' button_label='Click me' button_color='light' link1='manually,http:\/\/' link_target1='' button_label2='Click me' button_color2='light' link2='manually,http:\/\/' link_target2='' overlay_opacity='1' overlay_color='' overlay_pattern='custom' overlay_custom_pattern='https:\/\/michelspmks.de\/wp-content\/uploads\/2020\/12\/bg_helfen.png' av_uid='av-32dohl' video_autoplay='' video_controls='' video_mute='' video_loop='' overlay_enable='']\r\n<span class=\"bold\">Arbeitsrecht |\r\n<span class=\"bold\">Mandant und Wettbewerber \u00fcber Dr. Sebastian Mai\u00df, Juve 2020\/2021<\/span>\r\n[\/av_slide_full]\r\n[\/av_slideshow_full]\r\n\r\n\n","protected":false},"excerpt":{"rendered":"<p>This is a Page excerpt. It will be displayed for search results<\/p>\n","protected":false},"author":1,"featured_media":0,"parent":0,"menu_order":0,"comment_status":"open","ping_status":"open","template":"","meta":{"footnotes":""},"yoast_head":"<!-- This site is optimized with the Yoast SEO plugin v22.8 - https:\/\/yoast.com\/wordpress\/plugins\/seo\/ -->\n<title>Historie \u203a michels.pmks<\/title>\n<meta name=\"robots\" content=\"index, follow, max-snippet:-1, max-image-preview:large, max-video-preview:-1\" \/>\n<link rel=\"canonical\" href=\"https:\/\/michelspmks.de\/de\/historie\/\" \/>\n<meta property=\"og:locale\" content=\"de_DE\" \/>\n<meta property=\"og:type\" content=\"article\" \/>\n<meta property=\"og:title\" content=\"Historie \u203a michels.pmks\" \/>\n<meta property=\"og:description\" content=\"This is a Page excerpt. It will be displayed for search results\" \/>\n<meta property=\"og:url\" content=\"https:\/\/michelspmks.de\/de\/historie\" \/>\n<meta property=\"og:site_name\" content=\"michels.pmks\" \/>\n<meta property=\"article:modified_time\" content=\"2025-04-01T09:23:12+00:00\" \/>\n<meta name=\"twitter:card\" content=\"summary_large_image\" \/>\n<script type=\"application\/ld+json\" class=\"yoast-schema-graph\">{\"@context\":\"https:\/\/schema.org\",\"@graph\":[{\"@type\":\"WebPage\",\"@id\":\"https:\/\/michelspmks.de\/de\/historie\",\"url\":\"https:\/\/michelspmks.de\/de\/historie\",\"name\":\"Historie \u203a michels.pmks\",\"isPartOf\":{\"@id\":\"https:\/\/michelspmks.de\/de\/#website\"},\"datePublished\":\"2020-12-09T16:42:20+00:00\",\"dateModified\":\"2025-04-01T09:23:12+00:00\",\"breadcrumb\":{\"@id\":\"https:\/\/michelspmks.de\/de\/historie#breadcrumb\"},\"inLanguage\":\"de\",\"potentialAction\":[{\"@type\":\"ReadAction\",\"target\":[\"https:\/\/michelspmks.de\/de\/historie\"]}]},{\"@type\":\"BreadcrumbList\",\"@id\":\"https:\/\/michelspmks.de\/de\/historie#breadcrumb\",\"itemListElement\":[{\"@type\":\"ListItem\",\"position\":1,\"name\":\"Startseite\",\"item\":\"https:\/\/michelspmks.de\/de\/\"},{\"@type\":\"ListItem\",\"position\":2,\"name\":\"Historie\"}]},{\"@type\":\"WebSite\",\"@id\":\"https:\/\/michelspmks.de\/de\/#website\",\"url\":\"https:\/\/michelspmks.de\/de\/\",\"name\":\"michels.pmks\",\"description\":\"Fachanw\u00e4lte\",\"potentialAction\":[{\"@type\":\"SearchAction\",\"target\":{\"@type\":\"EntryPoint\",\"urlTemplate\":\"https:\/\/michelspmks.de\/de\/?s={search_term_string}\"},\"query-input\":\"required name=search_term_string\"}],\"inLanguage\":\"de\"}]}<\/script>\n<!-- \/ Yoast SEO plugin. -->","yoast_head_json":{"title":"Historie \u203a michels.pmks","robots":{"index":"index","follow":"follow","max-snippet":"max-snippet:-1","max-image-preview":"max-image-preview:large","max-video-preview":"max-video-preview:-1"},"canonical":"https:\/\/michelspmks.de\/de\/historie\/","og_locale":"de_DE","og_type":"article","og_title":"Historie \u203a michels.pmks","og_description":"This is a Page excerpt. It will be displayed for search results","og_url":"https:\/\/michelspmks.de\/de\/historie","og_site_name":"michels.pmks","article_modified_time":"2025-04-01T09:23:12+00:00","twitter_card":"summary_large_image","schema":{"@context":"https:\/\/schema.org","@graph":[{"@type":"WebPage","@id":"https:\/\/michelspmks.de\/de\/historie","url":"https:\/\/michelspmks.de\/de\/historie","name":"Historie \u203a michels.pmks","isPartOf":{"@id":"https:\/\/michelspmks.de\/de\/#website"},"datePublished":"2020-12-09T16:42:20+00:00","dateModified":"2025-04-01T09:23:12+00:00","breadcrumb":{"@id":"https:\/\/michelspmks.de\/de\/historie#breadcrumb"},"inLanguage":"de","potentialAction":[{"@type":"ReadAction","target":["https:\/\/michelspmks.de\/de\/historie"]}]},{"@type":"BreadcrumbList","@id":"https:\/\/michelspmks.de\/de\/historie#breadcrumb","itemListElement":[{"@type":"ListItem","position":1,"name":"Startseite","item":"https:\/\/michelspmks.de\/de\/"},{"@type":"ListItem","position":2,"name":"Historie"}]},{"@type":"WebSite","@id":"https:\/\/michelspmks.de\/de\/#website","url":"https:\/\/michelspmks.de\/de\/","name":"michels.pmks","description":"Fachanw\u00e4lte","potentialAction":[{"@type":"SearchAction","target":{"@type":"EntryPoint","urlTemplate":"https:\/\/michelspmks.de\/de\/?s={search_term_string}"},"query-input":"required name=search_term_string"}],"inLanguage":"de"}]}},"_links":{"self":[{"href":"https:\/\/michelspmks.de\/de\/wp-json\/wp\/v2\/pages\/5137"}],"collection":[{"href":"https:\/\/michelspmks.de\/de\/wp-json\/wp\/v2\/pages"}],"about":[{"href":"https:\/\/michelspmks.de\/de\/wp-json\/wp\/v2\/types\/page"}],"author":[{"embeddable":true,"href":"https:\/\/michelspmks.de\/de\/wp-json\/wp\/v2\/users\/1"}],"replies":[{"embeddable":true,"href":"https:\/\/michelspmks.de\/de\/wp-json\/wp\/v2\/comments?post=5137"}],"version-history":[{"count":25,"href":"https:\/\/michelspmks.de\/de\/wp-json\/wp\/v2\/pages\/5137\/revisions"}],"predecessor-version":[{"id":14043,"href":"https:\/\/michelspmks.de\/de\/wp-json\/wp\/v2\/pages\/5137\/revisions\/14043"}],"wp:attachment":[{"href":"https:\/\/michelspmks.de\/de\/wp-json\/wp\/v2\/media?parent=5137"}],"curies":[{"name":"wp","href":"https:\/\/api.w.org\/{rel}","templated":true}]}}