{"id":6223,"date":"2020-12-19T10:23:57","date_gmt":"2020-12-19T09:23:57","guid":{"rendered":"https:\/\/michelspmks.de\/?page_id=6223"},"modified":"2021-02-01T16:51:29","modified_gmt":"2021-02-01T15:51:29","slug":"datenschutz","status":"publish","type":"page","link":"https:\/\/michelspmks.de\/de\/datenschutz","title":{"rendered":"Datenschutz"},"content":{"rendered":"<div class=\"flex_column av_one_full  av-animated-generic fade-in  flex_column_div av-zero-column-padding first  avia-builder-el-0  el_before_av_section  avia-builder-el-no-sibling  space_up \" style='border-radius:0px; ' id=\"image-hd-text\" ><div  id=\"header-start\"  class='avia-image-container avia_animated_image avia_animate_when_almost_visible fade-in av-styling-  noHover  av-overlay-hover-deactivate   avia-builder-el-1  avia-builder-el-no-sibling  header-start avia-align-center '  itemprop=\"image\" itemscope=\"itemscope\" itemtype=\"https:\/\/schema.org\/ImageObject\"  ><div class='avia-image-container-inner'><div class='avia-image-overlay-wrap'><div class='av-image-caption-overlay'><div class='av-caption-image-overlay-bg' style='opacity:0.1; background-color:#ffffff; '><\/div><div class='av-image-caption-overlay-position'><div class='av-image-caption-overlay-center' style='color:#000000; font-size:20px; '><h1>Datenschutz<\/h1>\n<\/div><\/div><\/div><img decoding=\"async\" class='wp-image-5794 avia-img-lazy-loading-not-5794 avia_image' src=\"https:\/\/michelspmks.de\/wp-content\/uploads\/2020\/12\/michelspmks_sozial_iStock-519434666.jpg\" alt='michels.pmks Sozial' title='michelspmks_sozial_iStock-519434666' height=\"1126\" width=\"2000\"  itemprop=\"thumbnailUrl\" srcset=\"https:\/\/michelspmks.de\/wp-content\/uploads\/2020\/12\/michelspmks_sozial_iStock-519434666.jpg 2000w, https:\/\/michelspmks.de\/wp-content\/uploads\/2020\/12\/michelspmks_sozial_iStock-519434666-300x169.jpg 300w, https:\/\/michelspmks.de\/wp-content\/uploads\/2020\/12\/michelspmks_sozial_iStock-519434666-1030x580.jpg 1030w, https:\/\/michelspmks.de\/wp-content\/uploads\/2020\/12\/michelspmks_sozial_iStock-519434666-768x432.jpg 768w, https:\/\/michelspmks.de\/wp-content\/uploads\/2020\/12\/michelspmks_sozial_iStock-519434666-1536x865.jpg 1536w, https:\/\/michelspmks.de\/wp-content\/uploads\/2020\/12\/michelspmks_sozial_iStock-519434666-1500x845.jpg 1500w, https:\/\/michelspmks.de\/wp-content\/uploads\/2020\/12\/michelspmks_sozial_iStock-519434666-705x397.jpg 705w\" sizes=\"(max-width: 2000px) 100vw, 2000px\" \/><\/div><\/div><\/div><\/div>\n<\/div><\/div><\/div><!-- close content main div --><\/div><\/div><div id='av_section_1'  class='avia-section main_color avia-section-no-padding avia-no-border-styling  avia-bg-style-scroll  avia-builder-el-2  el_after_av_one_full  el_before_av_codeblock  space_up  container_wrap fullsize' style=' '  ><div class='container' ><div class='template-page content  av-content-full alpha units'><div class='post-entry post-entry-type-page post-entry-6223'><div class='entry-content-wrapper clearfix'>\n<div class=\"flex_column av_one_full  flex_column_div av-zero-column-padding first  avia-builder-el-3  avia-builder-el-no-sibling  \" style='border-radius:0px; '><section class=\"av_textblock_section \"  itemscope=\"itemscope\" itemtype=\"https:\/\/schema.org\/CreativeWork\" ><div class='avia_textblock mandant '   itemprop=\"text\" ><h2>Der Schutz Ihrer Daten ist uns wichtig<\/h2>\n<\/div><\/section><br \/>\n<section class=\"av_textblock_section \"  itemscope=\"itemscope\" itemtype=\"https:\/\/schema.org\/CreativeWork\" ><div class='avia_textblock fliesstext '   itemprop=\"text\" ><h3><span style=\"font-size: 20px; font-weight: 600;\">1. Kontaktdaten des f\u00fcr die Verarbeitung Verantwortlichen<\/span><\/h3>\n<p>Diese Datenschutz-Information gilt f\u00fcr die Datenverarbeitung durch:<\/p>\n<p><strong>Verantwortlicher<\/strong>: michels.pmks Rechtsanw\u00e4lte Partnerschaft mbB (im Folgenden: michels.pmks), Hohenstaufenring 57, 50674 K\u00f6ln, Deutschland<\/p>\n<p>Email: <a href=\"mailto:info@michelspmks.de\">info@michelspmks.de<\/a><\/p>\n<p>Tel +49 221 50003-5<\/p>\n<h3><span style=\"font-size: 20px; font-weight: 600;\">2. Erhebung und Speicherung personenbezogener Daten sowie Art, Zweck und Rechtsgrundlage der Verarbeitung<\/span><\/h3>\n<p>Beim Aufrufen unserer Website www.michelspmks.de werden durch den auf Ihrem Endger\u00e4t zum Einsatz kommenden Browser automatisch Informationen an den Server unserer Website gesendet. Diese Informationen werden tempor\u00e4r in einem sog. Logfile gespeichert. Zu diesen Zugriffsdaten geh\u00f6ren insbesondere die folgenden Informationen:<\/p>\n<ul>\n<li>IP-Adresse des anfragenden Rechners,<\/li>\n<li>Datum und Uhrzeit des Zugriffs,<\/li>\n<li>Name und URL der abgerufenen Datei,<\/li>\n<li>Website, von der aus der Zugriff erfolgt (Referrer-URL),<\/li>\n<li>verwendeter Browser und ggf. das Betriebssystem Ihres Rechners sowie der Name Ihres Access-Providers.<\/li>\n<\/ul>\n<p>Die genannten Daten werden durch uns zu folgenden Zwecken verarbeitet:<\/p>\n<ul>\n<li>Gew\u00e4hrleistung eines reibungslosen Verbindungsaufbaus der Website,<\/li>\n<li>Gew\u00e4hrleistung einer komfortablen Nutzung unserer Website,<\/li>\n<li>Auswertung der Systemsicherheit und -stabilit\u00e4t sowie<\/li>\n<li>zu weiteren administrativen Zwecken.<\/li>\n<\/ul>\n<p>Die Rechtsgrundlage f\u00fcr die Datenverarbeitung ist Art. 6 Abs. 1 S. 1 lit. f DSGVO, sowie \u00a7 15 Abs. 1 TMG. Unser berechtigtes Interesse folgt aus oben aufgelisteten Zwecken zur Datenerhebung. In keinem Fall verwenden wir die erhobenen Daten zu dem Zweck, R\u00fcckschl\u00fcsse auf Ihre Person zu ziehen.<\/p>\n<p>Wenn Sie sich \u00fcber eine der auf unserer Website angebotenen M\u00f6glichkeiten an uns wenden, verarbeiten wir zur Bearbeitung und Beantwortung Ihrer Anfrage alle personenbezogenen Daten, die in Ihrer Nachricht enthalten und angegeben sind.<\/p>\n<p>Die Datenverarbeitung im Rahmen der Beantwortung einer Anfrage st\u00fctzt sich auf Artikel 6 Abs. 1 f) DSGVO zur Wahrung unseres berechtigten Interesses an der Herstellung und Pflege von Gesch\u00e4ftskontakten. Soweit sich Ihre Anfrage auf den Abschluss eines Vertrags oder auf vorvertragliche Ma\u00dfnahmen bezieht, verarbeiten wir Ihre personenbezogenen Daten auf der Grundlage von Artikel 6 Abs. 1 b) DSGVO, im Rahmen von Besch\u00e4ftigungsverh\u00e4ltnissen auf Grundlage von \u00a7 26 BDSG.<\/p>\n<p>Wir k\u00f6nnen die im Zusammenhang mit Ihrer Nutzung unserer Website verarbeiteten personenbezogenen Daten auch zur Erf\u00fcllung gesetzlicher Verpflichtungen verarbeiten, denen wir unterliegen; dies geschieht aufgrund Artikel 6 Abs. 1 c) DSGVO.<\/p>\n<h3><span style=\"font-size: 20px; font-weight: 600;\">3. Links zu anderen Angeboten<\/span><\/h3>\n<p>Unsere Website bietet auch Links zu anderen Angeboten (Google Maps und unsere Online-Pr\u00e4senz auf YouTube und LinkedIn). Diese Links sind keine \u201eSocial Plug-Ins\u201c (d.h. Schaltfl\u00e4chen, \u00fcber die der das entsprechende Angebot bereitstellende Betreiber bereits beim Zugriff auf unsere Website Informationen \u00fcber die Benutzer unserer Website erheben kann). Bitte beachten Sie jedoch, dass beim Zugriff auf dieses andere Angebot, durch den Betreiber dieses Angebots, Informationen (m\u00f6glicherweise einschlie\u00dflich personenbezogener Daten) \u00fcber Ihren Besuch erhoben werden k\u00f6nnen. Weitere Informationen enth\u00e4lt der Datenschutzhinweis des Betreibers des entsprechenden Angebots.<\/p>\n<h3><span style=\"font-size: 20px; font-weight: 600;\">4. Besteht eine Pflicht zur Bereitstellung von personenbezogenen Daten?<\/span><\/h3>\n<p>Sie k\u00f6nnen unsere Webseite nutzen, ohne unmittelbar Angaben zu Ihrer Person (z.B. Name, Anschrift, Emailadresse) zu machen. Um Ihnen Zugriff auf unsere Webseite zu erm\u00f6glichen, m\u00fcssen wir die oben unter 2. beschriebenen Logdaten erheben.<\/p>\n<p>Um auf eine an uns gerichtete Anfrage reagieren zu k\u00f6nnen, ben\u00f6tigen wir zumindest Ihren Namen und Informationen dar\u00fcber, wie wir mit Ihnen in Kontakt treten k\u00f6nnen (z. B. Postanschrift oder E-Mail-Adresse). Wir k\u00f6nnen Ihre Anfrage nicht bearbeiten, wenn uns die Pflichtangaben oder die erforderlichen Informationen nicht bereitgestellt werden.<\/p>\n<p>Wenn wir zus\u00e4tzliche personenbezogene Daten von Ihnen erheben, werden wir Sie im Rahmen der Erhebung Ihrer Daten dar\u00fcber informieren, ob die Bereitstellung dieser Daten auf einer gesetzlichen oder vertraglichen Verpflichtung beruht, oder eine f\u00fcr den Abschluss eines Vertrags erforderliche Anforderung ist. Diesbez\u00fcglich kennzeichnen wir \u00fcblicherweise die Informationen, die freiwillig gemacht werden k\u00f6nnen und deren Bereitstellung nicht auf den vorgenannten Verpflichtungen basiert oder f\u00fcr den Abschluss eines Vertrags nicht erforderlich ist.<\/p>\n<h3><span style=\"font-size: 20px; font-weight: 600;\">5. <strong>Weitergabe von Daten<\/strong><\/span><\/h3>\n<p>Soweit gesetzlich zul\u00e4ssig, k\u00f6nnen wir Ihre personenbezogenen Daten auch an Dritte au\u00dferhalb unseres Unternehmens weitergeben. Insbesondere k\u00f6nnen zu diesen externen Empf\u00e4ngern folgende Personen oder Stellen geh\u00f6ren:<\/p>\n<ul>\n<li>von uns beauftragte Dienstleister, die auf der Grundlage eines gesonderten Vertrags Dienstleistungen f\u00fcr uns erbringen, zu denen auch die Verarbeitung personenbezogener Daten geh\u00f6ren kann, sowie alle von unseren Dienstleistern mit unserer Zustimmung beauftragten Subunternehmer,<\/li>\n<li>nicht\u00f6ffentliche und \u00f6ffentliche Stellen, soweit wir aufgrund gesetzlicher Verpflichtungen zur \u00dcbermittlung Ihrer personenbezogenen Daten verpflichtet sind,<\/li>\n<\/ul>\n<p>Eine Weitergabe findet zu den nachfolgend genannten Zwecken statt und wenn<\/p>\n<ul>\n<li>Sie Ihre nach Art. 6 Abs. 1 S. 1 lit. a DSGVO ausdr\u00fcckliche Einwilligung dazu erteilt haben,<\/li>\n<li>die Weitergabe nach Art. 6 Abs. 1 S. 1 lit. f DSGVO zur Geltendmachung, Aus\u00fcbung oder Verteidigung von Rechtsanspr\u00fcchen erforderlich ist und kein Grund zur Annahme besteht, dass Sie ein \u00fcberwiegendes schutzw\u00fcrdiges Interesse an der Nichtweitergabe Ihrer Daten haben,<\/li>\n<li>wir ein sonstiges berechtigtes Interesse gem. Art. 6 Abs. 1 lit. f DSGVO hieran haben und Ihre Interessen dieses nicht \u00fcberwiegen,<\/li>\n<li>f\u00fcr den Fall, dass f\u00fcr die Weitergabe nach Art. 6 Abs. 1 S. 1 lit. c DSGVO eine gesetzliche Verpflichtung besteht, sowie<\/li>\n<\/ul>\n<p>dies gesetzlich zul\u00e4ssig und nach Art. 6 Abs. 1 S. 1 lit. b DSGVO f\u00fcr die Abwicklung von Vertragsverh\u00e4ltnissen mit Ihnen erforderlich ist.<\/p>\n<h3><span style=\"font-size: 20px; font-weight: 600;\">6. <strong>\u00dcbermittlung in L\u00e4nder au\u00dferhalb der EU \/ des EWR<\/strong><\/span><\/h3>\n<p>Eine \u00dcbermittlung Ihrer personenbezogenen Daten in L\u00e4nder au\u00dferhalb der EU \/ des EWR findet nicht statt.<\/p>\n<h3><span style=\"font-size: 20px; font-weight: 600;\">7. Automatische Entscheidungsfindung\/Profiling<\/span><\/h3>\n<p>Eine automatische Entscheidungsfindung \/ Profiling gem. Art. 22 DSGVO findet nicht statt.<\/p>\n<h3><span style=\"font-size: 20px; font-weight: 600;\">8. Speicherdauer<\/span><\/h3>\n<p>In der Regel speichern wir Ihre personenbezogenen Daten, solange wir ein berechtigtes Interesse an der Speicherung haben und dieses Ihr Interesse an der Einstellung der Speicherung \u00fcberwiegt. Wir k\u00f6nnen die Daten auch ohne berechtigtes Interesse weiterhin speichern, wenn wir gesetzlich dazu verpflichtet sind (z. B. zur Erf\u00fcllung von Archivierungspflichten). Wir l\u00f6schen Ihre personenbezogenen Daten ohne Ihr Zutun, sobald die Daten zur Erf\u00fcllung des Verarbeitungszwecks nicht mehr erforderlich sind oder ihre Speicherung gesetzlich anderweitig unzul\u00e4ssig ist.<\/p>\n<p>Die personenbezogenen Daten, die wir zur Erf\u00fcllung der Archivierungspflichten speichern m\u00fcssen, werden bis zum Ablauf der jeweiligen Archivierungspflicht gespeichert. Soweit wir personenbezogene Daten nur zur Erf\u00fcllung von Archivierungspflichten speichern, werden die Daten in der Regel gesperrt, so dass auf diese nur zugegriffen werden kann, wenn es f\u00fcr den Zweck der Archivierungspflicht erforderlich ist.<\/p>\n<p>Wenn Sie wissen m\u00f6chten, wie lange wir Ihre personenbezogenen Daten zu einem konkreten Zweck speichern, k\u00f6nnen Sie unter den o.g. Kontaktdaten Kontakt mit uns aufnehmen.<\/p>\n<h3><span style=\"font-size: 20px; font-weight: 600;\">9. Betroffenenrechte<\/span><\/h3>\n<p>Sie haben das Recht:<\/p>\n<ul>\n<li>gem\u00e4\u00df Art. 15 DSGVO Auskunft \u00fcber Ihre von uns verarbeiteten personenbezogenen Daten zu verlangen,<\/li>\n<li>gem\u00e4\u00df Art. 16 DSGVO unverz\u00fcglich die Berichtigung unrichtiger oder Vervollst\u00e4ndigung Ihrer bei uns gespeicherten personenbezogenen Daten zu verlangen;<\/li>\n<li>gem\u00e4\u00df Art. 17 DSGVO die L\u00f6schung Ihrer bei uns gespeicherten personenbezogenen Daten zu verlangen,<\/li>\n<li>gem\u00e4\u00df Art. 18 DSGVO die Einschr\u00e4nkung der Verarbeitung Ihrer personenbezogenen Daten zu verlangen,<\/li>\n<li>gem\u00e4\u00df Art. 20 DSGVO die \u00dcbertragung Ihrer Daten zu verlangen,<\/li>\n<li>gem\u00e4\u00df Art. 7 Abs. 3 DSGVO Ihre einmal erteilte Einwilligung jederzeit gegen\u00fcber uns zu widerrufen. Die Rechtm\u00e4\u00dfigkeit einer bis zu diesem Zeitpunkt erfolgten Datenverarbeitung bleibt hiervon unber\u00fchrt. Ferner behalten wir uns vor, die Datenverarbeitung trotz Ihres Widerrufs der Einwilligung \u2013 ggf. in eingeschr\u00e4nktem Umfang &#8211; fortzusetzen, wenn eine andere Rechtsgrundlage (z. B. Artikel 6 Abs. 1 b) DSGVO oder Artikel 6 Abs. 1 f) DSGVO) hierf\u00fcr besteht,<\/li>\n<\/ul>\n<p>gem\u00e4\u00df Art. 77 DSGVO sich bei einer Aufsichtsbeh\u00f6rde zu beschweren. In der Regel k\u00f6nnen Sie sich hierf\u00fcr an die Aufsichtsbeh\u00f6rde Ihres \u00fcblichen Aufenthaltsortes oder Arbeitsplatzes oder unseres Kanzleisitzes wenden.<\/p>\n<h3><span style=\"font-size: 20px; font-weight: 600;\">10. Widerspruchsrecht<\/span><\/h3>\n<p><strong>Sofern Ihre personenbezogenen Daten auf Grundlage von berechtigten Interessen gem\u00e4\u00df Art. 6 Abs. 1 S. 1 lit. f DSGVO verarbeitet werden, haben Sie das Recht, gem\u00e4\u00df Art. 21 DSGVO Widerspruch gegen die Verarbeitung Ihrer personenbezogenen Daten einzulegen, soweit daf\u00fcr Gr\u00fcnde vorliegen, die sich aus Ihrer besonderen Situation ergeben oder sich der Widerspruch gegen Direktwerbung richtet. Im letzteren Fall haben Sie ein generelles Widerspruchsrecht, das ohne Angabe einer besonderen Situation von uns umgesetzt wird.<\/strong><\/p>\n<h3><span style=\"font-size: 20px; font-weight: 600;\">11. <strong>Aktualit\u00e4t und \u00c4nderung dieser Datenschutzerkl\u00e4rung<\/strong><\/span><\/h3>\n<p>Durch die Weiterentwicklung unserer Website und Angebote dar\u00fcber oder aufgrund ge\u00e4nderter gesetzlicher beziehungsweise beh\u00f6rdlicher Vorgaben kann es notwendig werden, diese Datenschutzerkl\u00e4rung zu \u00e4ndern. Die jeweils aktuelle Datenschutzerkl\u00e4rung kann jederzeit auf der Website unter www.michelspmks.de in der Rubrik \u201eDatenschutz\u201c von Ihnen abgerufen und ausgedruckt werden.<\/p>\n<\/div><\/section><br \/>\n<div  id=\"pdf-download\"  class='avia-button-wrap avia-button-left  avia-builder-el-6  el_after_av_textblock  avia-builder-el-last  pdf-download' ><a href='https:\/\/michelspmks.de\/wp-content\/uploads\/2021\/01\/Datenschutzerklaerung_michelspmks_2_2021.pdf' class='avia-button  avia-color-light   avia-icon_select-yes-left-icon avia-size-large avia-position-left ' target=\"_blank\" rel=\"noopener noreferrer\"><span class='avia_button_icon avia_button_icon_left ' aria-hidden='true' data-av_icon='\ue878' data-av_iconfont='entypo-fontello'><\/span><span class='avia_iconbox_title' >PDF Download<\/span><\/a><\/div><\/p><\/div><\/div><\/div><\/div><!-- close content main div --><\/div><\/div><div id='after_section_1'  class='main_color av_default_container_wrap container_wrap fullsize' style=' '  ><div class='container' ><div class='template-page content  av-content-full alpha units'><div class='post-entry post-entry-type-page post-entry-6223'><div class='entry-content-wrapper clearfix'><\/p>\n","protected":false},"excerpt":{"rendered":"<p>This is a Page excerpt. It will be displayed for search results<\/p>\n","protected":false},"author":1,"featured_media":0,"parent":0,"menu_order":0,"comment_status":"open","ping_status":"open","template":"","meta":{"footnotes":""},"yoast_head":"<!-- This site is optimized with the Yoast SEO plugin v22.8 - https:\/\/yoast.com\/wordpress\/plugins\/seo\/ -->\n<title>Datenschutz \u203a michels.pmks<\/title>\n<meta name=\"robots\" content=\"index, follow, max-snippet:-1, max-image-preview:large, max-video-preview:-1\" \/>\n<link rel=\"canonical\" href=\"https:\/\/michelspmks.de\/de\/datenschutz\/\" \/>\n<meta property=\"og:locale\" content=\"de_DE\" \/>\n<meta property=\"og:type\" content=\"article\" \/>\n<meta property=\"og:title\" content=\"Datenschutz \u203a michels.pmks\" \/>\n<meta property=\"og:description\" content=\"This is a Page excerpt. It will be displayed for search results\" \/>\n<meta property=\"og:url\" content=\"https:\/\/michelspmks.de\/de\/datenschutz\" \/>\n<meta property=\"og:site_name\" content=\"michels.pmks\" \/>\n<meta property=\"article:modified_time\" content=\"2021-02-01T15:51:29+00:00\" \/>\n<meta name=\"twitter:card\" content=\"summary_large_image\" \/>\n<script type=\"application\/ld+json\" class=\"yoast-schema-graph\">{\"@context\":\"https:\/\/schema.org\",\"@graph\":[{\"@type\":\"WebPage\",\"@id\":\"https:\/\/michelspmks.de\/de\/datenschutz\",\"url\":\"https:\/\/michelspmks.de\/de\/datenschutz\",\"name\":\"Datenschutz \u203a michels.pmks\",\"isPartOf\":{\"@id\":\"https:\/\/michelspmks.de\/de\/#website\"},\"datePublished\":\"2020-12-19T09:23:57+00:00\",\"dateModified\":\"2021-02-01T15:51:29+00:00\",\"breadcrumb\":{\"@id\":\"https:\/\/michelspmks.de\/de\/datenschutz#breadcrumb\"},\"inLanguage\":\"de\",\"potentialAction\":[{\"@type\":\"ReadAction\",\"target\":[\"https:\/\/michelspmks.de\/de\/datenschutz\"]}]},{\"@type\":\"BreadcrumbList\",\"@id\":\"https:\/\/michelspmks.de\/de\/datenschutz#breadcrumb\",\"itemListElement\":[{\"@type\":\"ListItem\",\"position\":1,\"name\":\"Startseite\",\"item\":\"https:\/\/michelspmks.de\/de\/\"},{\"@type\":\"ListItem\",\"position\":2,\"name\":\"Datenschutz\"}]},{\"@type\":\"WebSite\",\"@id\":\"https:\/\/michelspmks.de\/de\/#website\",\"url\":\"https:\/\/michelspmks.de\/de\/\",\"name\":\"michels.pmks\",\"description\":\"Fachanw\u00e4lte\",\"potentialAction\":[{\"@type\":\"SearchAction\",\"target\":{\"@type\":\"EntryPoint\",\"urlTemplate\":\"https:\/\/michelspmks.de\/de\/?s={search_term_string}\"},\"query-input\":\"required name=search_term_string\"}],\"inLanguage\":\"de\"}]}<\/script>\n<!-- \/ Yoast SEO plugin. -->","yoast_head_json":{"title":"Datenschutz \u203a michels.pmks","robots":{"index":"index","follow":"follow","max-snippet":"max-snippet:-1","max-image-preview":"max-image-preview:large","max-video-preview":"max-video-preview:-1"},"canonical":"https:\/\/michelspmks.de\/de\/datenschutz\/","og_locale":"de_DE","og_type":"article","og_title":"Datenschutz \u203a michels.pmks","og_description":"This is a Page excerpt. It will be displayed for search results","og_url":"https:\/\/michelspmks.de\/de\/datenschutz","og_site_name":"michels.pmks","article_modified_time":"2021-02-01T15:51:29+00:00","twitter_card":"summary_large_image","schema":{"@context":"https:\/\/schema.org","@graph":[{"@type":"WebPage","@id":"https:\/\/michelspmks.de\/de\/datenschutz","url":"https:\/\/michelspmks.de\/de\/datenschutz","name":"Datenschutz \u203a michels.pmks","isPartOf":{"@id":"https:\/\/michelspmks.de\/de\/#website"},"datePublished":"2020-12-19T09:23:57+00:00","dateModified":"2021-02-01T15:51:29+00:00","breadcrumb":{"@id":"https:\/\/michelspmks.de\/de\/datenschutz#breadcrumb"},"inLanguage":"de","potentialAction":[{"@type":"ReadAction","target":["https:\/\/michelspmks.de\/de\/datenschutz"]}]},{"@type":"BreadcrumbList","@id":"https:\/\/michelspmks.de\/de\/datenschutz#breadcrumb","itemListElement":[{"@type":"ListItem","position":1,"name":"Startseite","item":"https:\/\/michelspmks.de\/de\/"},{"@type":"ListItem","position":2,"name":"Datenschutz"}]},{"@type":"WebSite","@id":"https:\/\/michelspmks.de\/de\/#website","url":"https:\/\/michelspmks.de\/de\/","name":"michels.pmks","description":"Fachanw\u00e4lte","potentialAction":[{"@type":"SearchAction","target":{"@type":"EntryPoint","urlTemplate":"https:\/\/michelspmks.de\/de\/?s={search_term_string}"},"query-input":"required name=search_term_string"}],"inLanguage":"de"}]}},"_links":{"self":[{"href":"https:\/\/michelspmks.de\/de\/wp-json\/wp\/v2\/pages\/6223"}],"collection":[{"href":"https:\/\/michelspmks.de\/de\/wp-json\/wp\/v2\/pages"}],"about":[{"href":"https:\/\/michelspmks.de\/de\/wp-json\/wp\/v2\/types\/page"}],"author":[{"embeddable":true,"href":"https:\/\/michelspmks.de\/de\/wp-json\/wp\/v2\/users\/1"}],"replies":[{"embeddable":true,"href":"https:\/\/michelspmks.de\/de\/wp-json\/wp\/v2\/comments?post=6223"}],"version-history":[{"count":41,"href":"https:\/\/michelspmks.de\/de\/wp-json\/wp\/v2\/pages\/6223\/revisions"}],"predecessor-version":[{"id":14139,"href":"https:\/\/michelspmks.de\/de\/wp-json\/wp\/v2\/pages\/6223\/revisions\/14139"}],"wp:attachment":[{"href":"https:\/\/michelspmks.de\/de\/wp-json\/wp\/v2\/media?parent=6223"}],"curies":[{"name":"wp","href":"https:\/\/api.w.org\/{rel}","templated":true}]}}