{"id":8415,"date":"2020-12-19T10:27:18","date_gmt":"2020-12-19T09:27:18","guid":{"rendered":"https:\/\/michelspmks.de\/impressum\/"},"modified":"2026-02-11T17:09:20","modified_gmt":"2026-02-11T16:09:20","slug":"impressum","status":"publish","type":"page","link":"https:\/\/michelspmks.de\/en\/impressum","title":{"rendered":"Legal Advice"},"content":{"rendered":"<div class=\"flex_column av_one_full  av-animated-generic fade-in  flex_column_div av-zero-column-padding first  avia-builder-el-0  el_before_av_section  avia-builder-el-no-sibling  space_up \" style='border-radius:0px; ' id=\"image-hd-text\" ><div  id=\"header-start\"  class='avia-image-container avia_animated_image avia_animate_when_almost_visible fade-in av-styling-  noHover  av-overlay-hover-deactivate   avia-builder-el-1  avia-builder-el-no-sibling  header-start avia-align-center '  itemprop=\"image\" itemscope=\"itemscope\" itemtype=\"https:\/\/schema.org\/ImageObject\"  ><div class='avia-image-container-inner'><div class='avia-image-overlay-wrap'><div class='av-image-caption-overlay'><div class='av-caption-image-overlay-bg' style='opacity:0.1; background-color:#ffffff; '><\/div><div class='av-image-caption-overlay-position'><div class='av-image-caption-overlay-center' style='color:#000000; font-size:20px; '><h1>Impressum<\/h1>\n<\/div><\/div><\/div><img decoding=\"async\" class='wp-image-8241 avia-img-lazy-loading-not-8241 avia_image' src=\"https:\/\/michelspmks.de\/wp-content\/uploads\/2020\/12\/michelspmks_News_-iStock-498908974.jpg\" alt='' title='michelspmks_News_ iStock-498908974' height=\"1126\" width=\"2000\"  itemprop=\"thumbnailUrl\" srcset=\"https:\/\/michelspmks.de\/wp-content\/uploads\/2020\/12\/michelspmks_News_-iStock-498908974.jpg 2000w, https:\/\/michelspmks.de\/wp-content\/uploads\/2020\/12\/michelspmks_News_-iStock-498908974-300x169.jpg 300w, https:\/\/michelspmks.de\/wp-content\/uploads\/2020\/12\/michelspmks_News_-iStock-498908974-1030x580.jpg 1030w, https:\/\/michelspmks.de\/wp-content\/uploads\/2020\/12\/michelspmks_News_-iStock-498908974-768x432.jpg 768w, https:\/\/michelspmks.de\/wp-content\/uploads\/2020\/12\/michelspmks_News_-iStock-498908974-1536x865.jpg 1536w, https:\/\/michelspmks.de\/wp-content\/uploads\/2020\/12\/michelspmks_News_-iStock-498908974-1500x845.jpg 1500w, https:\/\/michelspmks.de\/wp-content\/uploads\/2020\/12\/michelspmks_News_-iStock-498908974-705x397.jpg 705w\" sizes=\"(max-width: 2000px) 100vw, 2000px\" \/><\/div><\/div><\/div><\/div>\n<\/div><\/div><\/div><!-- close content main div --><\/div><\/div><div id='av_section_1'  class='avia-section main_color avia-section-no-padding avia-no-border-styling  avia-bg-style-scroll  avia-builder-el-2  el_after_av_one_full  el_before_av_codeblock  space_up  container_wrap fullsize' style=' '  ><div class='container' ><div class='template-page content  av-content-full alpha units'><div class='post-entry post-entry-type-page post-entry-8415'><div class='entry-content-wrapper clearfix'>\n<div class=\"flex_column av_one_full  flex_column_div av-zero-column-padding first  avia-builder-el-3  avia-builder-el-no-sibling  \" style='border-radius:0px; '><section class=\"av_textblock_section \"  itemscope=\"itemscope\" itemtype=\"https:\/\/schema.org\/CreativeWork\" ><div class='avia_textblock mandant '   itemprop=\"text\" ><h2 style=\"text-align: left;\">Impressum<\/h2>\n<\/div><\/section><br \/>\n<section class=\"av_textblock_section \"  itemscope=\"itemscope\" itemtype=\"https:\/\/schema.org\/CreativeWork\" ><div class='avia_textblock mandant-text '   itemprop=\"text\" ><\/div><\/section><br \/>\n<section class=\"av_textblock_section \"  itemscope=\"itemscope\" itemtype=\"https:\/\/schema.org\/CreativeWork\" ><div class='avia_textblock fliesstext '   itemprop=\"text\" ><p><strong>Verantwortlicher\u00a0Dienstanbieter<\/strong><br \/>\nmichels.pmks Rechtsanw\u00e4lte Partnerschaft mbB<br \/>\nHohenstaufenring 57<br \/>\nD-50674 K\u00f6ln<br \/>\nTel +49 221 50003-5<br \/>\nFax +49 221 50003-636<br \/>\ninfo@michelspmks.de<\/p>\n<p><strong>Rechtsform<\/strong><br \/>\nPartnerschaftsgesellschaft mbB<\/p>\n<p><strong>Sitz und Registrierung<\/strong><br \/>\nK\u00f6ln, AG Essen PR 3087<\/p>\n<p><strong>Umsatzsteueridentifikationsnummer<\/strong><br \/>\nDE 296272831<\/p>\n<p><strong>Vertretungsberechtigt sind, jeweils einzeln, die Partner im Sinne des Partnerschaftsgesellschaftsgesetzes<\/strong><br \/>\nDr. Marcus Michels<br \/>\nMarkus Pillok<br \/>\nDr. Kerrin Schillhorn<br \/>\nDr. Gunther M\u00e4vers<br \/>\nUlrich Kortmann<br \/>\nDr. Tilman Isenhardt<br \/>\nJens-Peter Jahn<br \/>\nDr. Matthias Kappus<br \/>\nDr. Jannis Kamann<br \/>\nDr. Sebastian Mai\u00df<br \/>\nPeter Hu\u0308tzen<br \/>\nConstantin Wlachojannis<\/p>\n<p>S\u00e4mtliche Rechtsanw\u00e4ltinnen und Rechtsanw\u00e4lte sind in Deutschland zugelassen. Die Rechtsanw\u00e4lte Dr. Marcus Michels, Markus Pillok, Dr. Kerrin Schillhorn, Dr.Gunther M\u00e4vers, Ulrich Kortmann, Dr. Tilman Isenhardt, Jens-Peter Jahn, Dr. Matthias Kappus, Dr. Jannis Kamann, Sophie Esser und Constantin Wlachojannis sind Mitglieder der Rechtsanwaltskammer Rechtsanwaltskammer K\u00f6ln, Riehler Stra\u00dfe 30, 50668 K\u00f6ln. Die Rechtsanw\u00e4lte Dr. Sebastian Mai\u00df, Peter H\u00fctzen und Bella Silberstein sind Mitglieder der Rechtsanwaltskammer D\u00fcsseldorf, Freiligrathstra\u00dfe 25, 40479 D\u00fcsseldorf. Die nachstehenden berufsrechtlichen Regelungen f\u00fcr die in Deutschland niedergelassenen Rechtsanw\u00e4ltinnen und Rechtsanw\u00e4lte sind bei der Bundesrechtsanwaltskammer unter www.brak.de unter dem Stichwort \u201eInformationspflichten gem. \u00a7 5 TMG\u201c abrufbar:<\/p>\n<ul class=\"strichliste\">\n<li style=\"list-style-type: none;\">\n<ul class=\"strichliste\">\n<li>Bundesrechtsanwaltsordnung (BRAO)<\/li>\n<li>Berufsordnung f\u00fcr Rechtsanw\u00e4lte (BORA)<\/li>\n<li>Fachanwaltsordnung (FAO)<\/li>\n<li>Bundesgeb\u00fchrenordnung f\u00fcr Rechtsanw\u00e4lte (BRAGO)<\/li>\n<li>Rechtsanwaltsverg\u00fctungsgesetz (RVG)<\/li>\n<li>Berufsregeln der Rechtsanw\u00e4lte der europ\u00e4ischen Gemeinschaft<\/li>\n<\/ul>\n<\/li>\n<\/ul>\n<p><strong>Haftungsausschluss<\/strong><br \/>\nJegliche Information auf dieser Internetseite dient allein der allgemeinen Information; sie stellt insbesondere keine Rechtsberatung dar. Eine Gew\u00e4hr f\u00fcr Richtigkeit und Vollst\u00e4ndigkeit wird nicht \u00fcbernommen. Eine Haftung f\u00fcr Aktualit\u00e4t, Vollst\u00e4ndigkeit oder Qualit\u00e4t ist ausgeschlossen.<\/p>\n<p><strong>Information nach der DL-lnfoV (Dienstleistungs-Informations-Verordnung)<br \/>\n<\/strong>Die Berufshaftpflichtversicherung besteht bei der<br \/>\nAxa Versicherung AG<br \/>\nPostfach 920114<br \/>\n51151 K\u00f6ln<br \/>\nNr. 40269200121<\/p>\n<p>Der r\u00e4umliche Geltungsbereich des Versicherungsschutzes umfasst T\u00e4tigkeiten in den Mitgliedsl\u00e4ndern der Europ\u00e4ischen Union und gen\u00fcgt den Anforderungen der \u00a7 51a Bundesrechtsanwaltsordnung (BRAO), \u00a7 8 Partnerschaftgesellschaftsgesetz (PartGG).<\/p>\n<p><strong>Hinweis auf EU-Streitschlichtung<br \/>\n<\/strong>Die Europ\u00e4ische Kommission stellt eine Plattform zur Online-Streitbeilegung (OS) bereit: http:\/\/ec.europa.eu\/consumers\/odr<br \/>\nDie E-Mail-Adresse der Berufstr\u00e4ger finden Sie oben im Impressum.<\/p>\n<p><strong>Hinweis auf das Schlichtungsverfahren vor der Verbraucherstreitbeilegungsstelle<br \/>\n<\/strong>Die michels.pmks Rechtsanw\u00e4lte Partnerschaft mbB und deren Berufstr\u00e4ger erkl\u00e4ren sich nicht bereit, wegen Streitigkeiten aus dem Mandatsverh\u00e4ltnis an einem Streitbeilegungsverfahren vor einer Verbraucherschlichtungsstelle im Sinne des Verbraucherstreitbeilegungsgesetzes (VSBG)\u00a0teilzunehmen.<\/p>\n<p><strong>Fotos<br \/>\n<\/strong>AdobeStock, iStockphoto<\/p>\n<p><strong>Design\/Realisation<br \/>\n<\/strong><a href=\"https:\/\/venturier.com\">Venturier Design, Hamburg<\/a><br \/>\n<br class=\"avia-permanent-lb\" \/><br class=\"avia-permanent-lb\" \/><br class=\"avia-permanent-lb\" \/><\/p>\n<\/div><\/section><\/p><\/div><\/div><\/div><\/div><!-- close content main div --><\/div><\/div><div id='after_section_1'  class='main_color av_default_container_wrap container_wrap fullsize' style=' '  ><div class='container' ><div class='template-page content  av-content-full alpha units'><div class='post-entry post-entry-type-page post-entry-8415'><div class='entry-content-wrapper clearfix'><\/p>\n","protected":false},"excerpt":{"rendered":"<p>This is a Page excerpt. It will be displayed for search results<\/p>\n","protected":false},"author":1,"featured_media":0,"parent":0,"menu_order":0,"comment_status":"open","ping_status":"open","template":"","meta":{"footnotes":""},"yoast_head":"<!-- This site is optimized with the Yoast SEO plugin v22.8 - https:\/\/yoast.com\/wordpress\/plugins\/seo\/ -->\n<title>Legal Advice \u203a michels.pmks<\/title>\n<meta name=\"robots\" content=\"index, follow, max-snippet:-1, max-image-preview:large, max-video-preview:-1\" \/>\n<link rel=\"canonical\" href=\"https:\/\/michelspmks.de\/en\/impressum\/\" \/>\n<meta property=\"og:locale\" content=\"en_US\" \/>\n<meta property=\"og:type\" content=\"article\" \/>\n<meta property=\"og:title\" content=\"Legal Advice \u203a michels.pmks\" \/>\n<meta property=\"og:description\" content=\"This is a Page excerpt. It will be displayed for search results\" \/>\n<meta property=\"og:url\" content=\"https:\/\/michelspmks.de\/en\/impressum\" \/>\n<meta property=\"og:site_name\" content=\"michels.pmks\" \/>\n<meta property=\"article:modified_time\" content=\"2026-02-11T16:09:20+00:00\" \/>\n<meta name=\"twitter:card\" content=\"summary_large_image\" \/>\n<script type=\"application\/ld+json\" class=\"yoast-schema-graph\">{\"@context\":\"https:\/\/schema.org\",\"@graph\":[{\"@type\":\"WebPage\",\"@id\":\"https:\/\/michelspmks.de\/en\/impressum\",\"url\":\"https:\/\/michelspmks.de\/en\/impressum\",\"name\":\"Legal Advice \u203a michels.pmks\",\"isPartOf\":{\"@id\":\"https:\/\/michelspmks.de\/en\/#website\"},\"datePublished\":\"2020-12-19T09:27:18+00:00\",\"dateModified\":\"2026-02-11T16:09:20+00:00\",\"breadcrumb\":{\"@id\":\"https:\/\/michelspmks.de\/en\/impressum#breadcrumb\"},\"inLanguage\":\"en-US\",\"potentialAction\":[{\"@type\":\"ReadAction\",\"target\":[\"https:\/\/michelspmks.de\/en\/impressum\"]}]},{\"@type\":\"BreadcrumbList\",\"@id\":\"https:\/\/michelspmks.de\/en\/impressum#breadcrumb\",\"itemListElement\":[{\"@type\":\"ListItem\",\"position\":1,\"name\":\"Startseite\",\"item\":\"https:\/\/michelspmks.de\/en\/\"},{\"@type\":\"ListItem\",\"position\":2,\"name\":\"Legal Advice\"}]},{\"@type\":\"WebSite\",\"@id\":\"https:\/\/michelspmks.de\/en\/#website\",\"url\":\"https:\/\/michelspmks.de\/en\/\",\"name\":\"michels.pmks\",\"description\":\"Fachanw\u00e4lte\",\"potentialAction\":[{\"@type\":\"SearchAction\",\"target\":{\"@type\":\"EntryPoint\",\"urlTemplate\":\"https:\/\/michelspmks.de\/en\/?s={search_term_string}\"},\"query-input\":\"required name=search_term_string\"}],\"inLanguage\":\"en-US\"}]}<\/script>\n<!-- \/ Yoast SEO plugin. -->","yoast_head_json":{"title":"Legal Advice \u203a michels.pmks","robots":{"index":"index","follow":"follow","max-snippet":"max-snippet:-1","max-image-preview":"max-image-preview:large","max-video-preview":"max-video-preview:-1"},"canonical":"https:\/\/michelspmks.de\/en\/impressum\/","og_locale":"en_US","og_type":"article","og_title":"Legal Advice \u203a michels.pmks","og_description":"This is a Page excerpt. It will be displayed for search results","og_url":"https:\/\/michelspmks.de\/en\/impressum","og_site_name":"michels.pmks","article_modified_time":"2026-02-11T16:09:20+00:00","twitter_card":"summary_large_image","schema":{"@context":"https:\/\/schema.org","@graph":[{"@type":"WebPage","@id":"https:\/\/michelspmks.de\/en\/impressum","url":"https:\/\/michelspmks.de\/en\/impressum","name":"Legal Advice \u203a michels.pmks","isPartOf":{"@id":"https:\/\/michelspmks.de\/en\/#website"},"datePublished":"2020-12-19T09:27:18+00:00","dateModified":"2026-02-11T16:09:20+00:00","breadcrumb":{"@id":"https:\/\/michelspmks.de\/en\/impressum#breadcrumb"},"inLanguage":"en-US","potentialAction":[{"@type":"ReadAction","target":["https:\/\/michelspmks.de\/en\/impressum"]}]},{"@type":"BreadcrumbList","@id":"https:\/\/michelspmks.de\/en\/impressum#breadcrumb","itemListElement":[{"@type":"ListItem","position":1,"name":"Startseite","item":"https:\/\/michelspmks.de\/en\/"},{"@type":"ListItem","position":2,"name":"Legal Advice"}]},{"@type":"WebSite","@id":"https:\/\/michelspmks.de\/en\/#website","url":"https:\/\/michelspmks.de\/en\/","name":"michels.pmks","description":"Fachanw\u00e4lte","potentialAction":[{"@type":"SearchAction","target":{"@type":"EntryPoint","urlTemplate":"https:\/\/michelspmks.de\/en\/?s={search_term_string}"},"query-input":"required name=search_term_string"}],"inLanguage":"en-US"}]}},"_links":{"self":[{"href":"https:\/\/michelspmks.de\/en\/wp-json\/wp\/v2\/pages\/8415"}],"collection":[{"href":"https:\/\/michelspmks.de\/en\/wp-json\/wp\/v2\/pages"}],"about":[{"href":"https:\/\/michelspmks.de\/en\/wp-json\/wp\/v2\/types\/page"}],"author":[{"embeddable":true,"href":"https:\/\/michelspmks.de\/en\/wp-json\/wp\/v2\/users\/1"}],"replies":[{"embeddable":true,"href":"https:\/\/michelspmks.de\/en\/wp-json\/wp\/v2\/comments?post=8415"}],"version-history":[{"count":9,"href":"https:\/\/michelspmks.de\/en\/wp-json\/wp\/v2\/pages\/8415\/revisions"}],"predecessor-version":[{"id":12940,"href":"https:\/\/michelspmks.de\/en\/wp-json\/wp\/v2\/pages\/8415\/revisions\/12940"}],"wp:attachment":[{"href":"https:\/\/michelspmks.de\/en\/wp-json\/wp\/v2\/media?parent=8415"}],"curies":[{"name":"wp","href":"https:\/\/api.w.org\/{rel}","templated":true}]}}