{"id":8420,"date":"2020-12-09T17:42:20","date_gmt":"2020-12-09T16:42:20","guid":{"rendered":"https:\/\/michelspmks.de\/historie\/"},"modified":"2025-04-01T11:26:05","modified_gmt":"2025-04-01T09:26:05","slug":"historie","status":"publish","type":"page","link":"https:\/\/michelspmks.de\/en\/historie","title":{"rendered":"History"},"content":{"rendered":"<div class=\"flex_column av_one_full  av-animated-generic fade-in  flex_column_div av-zero-column-padding first  avia-builder-el-0  el_before_av_section  avia-builder-el-no-sibling  space_up \" style='border-radius:0px; ' id=\"image-hd-text\" ><div  id=\"header-start\"  class='avia-image-container avia_animated_image avia_animate_when_almost_visible fade-in av-styling-  noHover  av-overlay-hover-deactivate   avia-builder-el-1  avia-builder-el-no-sibling  header-start avia-align-center '  itemprop=\"image\" itemscope=\"itemscope\" itemtype=\"https:\/\/schema.org\/ImageObject\"  ><div class='avia-image-container-inner'><div class='avia-image-overlay-wrap'><div class='av-image-caption-overlay'><div class='av-caption-image-overlay-bg' style='opacity:0.1; background-color:#ffffff; '><\/div><div class='av-image-caption-overlay-position'><div class='av-image-caption-overlay-center' style='color:#000000; font-size:20px; '><h1>HISTORY<\/h1>\n<\/div><\/div><\/div><img decoding=\"async\" class='wp-image-8364 avia-img-lazy-loading-not-8364 avia_image' src=\"https:\/\/michelspmks.de\/wp-content\/uploads\/2020\/12\/michelspmks_Profil_.jpg\" alt='' title='michelspmks_Profil_' height=\"1126\" width=\"2000\"  itemprop=\"thumbnailUrl\" srcset=\"https:\/\/michelspmks.de\/wp-content\/uploads\/2020\/12\/michelspmks_Profil_.jpg 2000w, https:\/\/michelspmks.de\/wp-content\/uploads\/2020\/12\/michelspmks_Profil_-300x169.jpg 300w, https:\/\/michelspmks.de\/wp-content\/uploads\/2020\/12\/michelspmks_Profil_-1030x580.jpg 1030w, https:\/\/michelspmks.de\/wp-content\/uploads\/2020\/12\/michelspmks_Profil_-768x432.jpg 768w, https:\/\/michelspmks.de\/wp-content\/uploads\/2020\/12\/michelspmks_Profil_-1536x865.jpg 1536w, https:\/\/michelspmks.de\/wp-content\/uploads\/2020\/12\/michelspmks_Profil_-1500x845.jpg 1500w, https:\/\/michelspmks.de\/wp-content\/uploads\/2020\/12\/michelspmks_Profil_-705x397.jpg 705w\" sizes=\"(max-width: 2000px) 100vw, 2000px\" \/><\/div><\/div><\/div><\/div>\n<\/div><\/div><\/div><!-- close content main div --><\/div><\/div><div id='av_section_1'  class='avia-section main_color avia-section-no-padding avia-no-border-styling  avia-bg-style-scroll  avia-builder-el-2  el_after_av_one_full  el_before_av_section  space_up  container_wrap fullsize' style=' '  ><div class='container' ><div class='template-page content  av-content-full alpha units'><div class='post-entry post-entry-type-page post-entry-8420'><div class='entry-content-wrapper clearfix'>\n<div class=\"flex_column av_one_full  flex_column_div av-zero-column-padding first  avia-builder-el-3  avia-builder-el-no-sibling  \" style='border-radius:0px; '><p><section class=\"av_textblock_section \"  itemscope=\"itemscope\" itemtype=\"https:\/\/schema.org\/CreativeWork\" ><div class='avia_textblock mandant '   itemprop=\"text\" ><\/div><\/section><br \/>\n<section class=\"av_textblock_section \"  itemscope=\"itemscope\" itemtype=\"https:\/\/schema.org\/CreativeWork\" ><div class='avia_textblock mandant-text '   itemprop=\"text\" ><p><strong>From the foundation &#8230;<\/strong><\/p>\n<p>michels.pmks was founded in 2014 by the five partners Dr. Marcus Michels, Markus Pillok, Dr. Kerrin Schillhorn as well as Dr. Gunther M\u00e4vers and Ulrich Kortmann. Dr. Jannis Kamann, now also a partner in the firm, has been part of the team from the beginning.<\/p>\n<p><strong>\u00a0<\/strong><\/p>\n<p><strong>&#8230; about continuous growth <\/strong><\/p>\n<p>Since then, we have grown steadily. In 2016, Dr. Tilman Isenhardt, another renowned expert in labour and employment law, joined the partnership. In 2018, he was followed by Jens-Peter Jahn, who, as a specialist attorney for medical law, strengthens the health law department with his many years of expertise in contract physician law. As of November 1, 2020, Dr. Matthias Kappus, another high-caliber partner, was recruited for the area of labour and employment law.<\/p>\n<p><strong>\u00a0<\/strong><\/p>\n<p><strong>&#8230; until the opening of our second location in D\u00fcsseldorf.<\/strong><\/p>\n<p>Since January 2021, the firm now also has an office in D\u00fcsseldorf. With the renowned partners Dr. Sebastian Mai\u00df and Peter H\u00fctzen working there, the foundation has been laid for the expansion of michels.pmks in terms of personnel and space. They all have many years of experience in leading labour law and full size law firms and are thus a perfect fit for our partnership-based approach to counseling.<\/p>\n<\/div><\/section><\/p><\/div><\/div><\/div><\/div><!-- close content main div --><\/div><\/div><div id='kanzlei'  class='avia-section main_color avia-section-no-padding avia-no-border-styling  avia-bg-style-scroll  avia-builder-el-6  el_after_av_section  el_before_av_postcontent  bg_full  container_wrap fullsize' style='background-color: #e3e2de;  '  ><div class='container' ><div class='template-page content  av-content-full alpha units'><div class='post-entry post-entry-type-page post-entry-8420'><div class='entry-content-wrapper clearfix'>\n<div class='flex_column_table av-equal-height-column-flextable -flextable' ><div class=\"flex_column av_one_third  av-animated-generic pop-up  no_margin flex_column_table_cell av-equal-height-column av-align-top av-zero-column-padding first  avia-builder-el-7  el_before_av_two_third  avia-builder-el-first  pad \" style='background: #e3e2de; background-color:#e3e2de; border-radius:0px; ' id=\"subnav_mob_arbeitsrecht_1\" ><section class=\"av_textblock_section \"  id=\"sub_navi\"  itemscope=\"itemscope\" itemtype=\"https:\/\/schema.org\/CreativeWork\" ><div class='avia_textblock sub_navi '   itemprop=\"text\" ><ul>\n<li>\n<h2><a href=\"https:\/\/michelspmks.de\/en\/about-us\">ABOUT US<\/a><\/h2>\n<\/li>\n<\/ul>\n<\/div><\/section><\/div><div class=\"flex_column av_two_third  no_margin flex_column_table_cell av-equal-height-column av-align-top   avia-builder-el-9  el_after_av_one_third  avia-builder-el-last  \" ><div  class='avia-image-container avia_animated_image avia_animate_when_almost_visible fade-in av-styling-  noHover  av-overlay-hover-deactivate   avia-builder-el-10  avia-builder-el-no-sibling  text_img_left avia-align-right '  itemprop=\"image\" itemscope=\"itemscope\" itemtype=\"https:\/\/schema.org\/ImageObject\"  ><div class='avia-image-container-inner'><div class='avia-image-overlay-wrap'><div class='av-image-caption-overlay'><div class='av-caption-image-overlay-bg' style='opacity:0.1; background-color:#ffffff; '><\/div><div class='av-image-caption-overlay-position'><div class='av-image-caption-overlay-center' style='color:#000000; '><h2>HISTORY<\/h2>\n<\/div><\/div><\/div><img decoding=\"async\" class='wp-image-8363 avia-img-lazy-loading-not-8363 avia_image' src=\"https:\/\/michelspmks.de\/wp-content\/uploads\/2020\/12\/michelspmks_Kanzlei.jpg\" alt='' title='michelspmks_Kanzlei' height=\"612\" width=\"1030\"  itemprop=\"thumbnailUrl\" srcset=\"https:\/\/michelspmks.de\/wp-content\/uploads\/2020\/12\/michelspmks_Kanzlei.jpg 1030w, https:\/\/michelspmks.de\/wp-content\/uploads\/2020\/12\/michelspmks_Kanzlei-300x178.jpg 300w, https:\/\/michelspmks.de\/wp-content\/uploads\/2020\/12\/michelspmks_Kanzlei-768x456.jpg 768w, https:\/\/michelspmks.de\/wp-content\/uploads\/2020\/12\/michelspmks_Kanzlei-705x419.jpg 705w\" sizes=\"(max-width: 1030px) 100vw, 1030px\" \/><\/div><\/div><\/div><\/div><\/div><!--close column table wrapper. Autoclose: 1 -->\n<\/p>\n[av_section min_height='' min_height_pc='25' min_height_px='30px' padding='no-padding' custom_margin='0px' custom_margin_sync='true' color='main_color' background='bg_color' custom_bg='' background_gradient_color1='' background_gradient_color2='' background_gradient_direction='vertical' src='https:\/\/michelspmks.de\/wp-content\/uploads\/2020\/11\/bg_hd.png' attachment='3405' attachment_size='full' attach='scroll' position='top left' repeat='no-repeat' video='' video_ratio='16:9' overlay_opacity='0.5' overlay_color='' overlay_pattern='' overlay_custom_pattern='' shadow='no-border-styling' bottom_border='no-border-styling' bottom_border_diagonal_color='#333333' bottom_border_diagonal_direction='' bottom_border_style='' custom_arrow_bg='' id='hd_verlauf_margin' custom_class='hd_verlauf_bg' aria_label='' av_element_hidden_in_editor='0' av_uid='av-bd13q']\r\n[av_textblock size='' av-medium-font-size='' av-small-font-size='' av-mini-font-size='' font_color='' color='' id='' custom_class='hd_verlauf_text' av_uid='av-khm2ajkj' admin_preview_bg='']\r\n<h3>insight.pmks<\/h3>\r\n[\/av_textblock]\r\n[\/av_section]\r\n\r\n[av_one_full first min_height='av-equal-height-column' vertical_alignment='av-align-top' space='' row_boxshadow_color='' row_boxshadow_width='10' custom_margin='aviaTBcustom_margin' margin='-30px,0px' mobile_breaking='av-break-at-tablet' border='' border_color='' radius='0px' radius_sync='true' padding='0px' padding_sync='true' column_boxshadow_color='' column_boxshadow_width='10' background='bg_color' background_color='' background_gradient_color1='' background_gradient_color2='' background_gradient_direction='vertical' src='' attachment='' attachment_size='' background_position='top left' background_repeat='no-repeat' highlight_size='1.1' animation='' link='' linktarget='' link_hover='' title_attr='' alt_attr='' mobile_display='' id='sorter' custom_class='' aria_label='' av_uid='av-2mkzzv']\r\n\r\n[av_masonry_entries link='category,280,285' wc_prod_visible='' wc_prod_hidden='hide' wc_prod_featured='' prod_order_by='' prod_order='' date_filter='date_filter' date_filter_start='' date_filter_end='' date_filter_format='yy\/mm\/dd' sort='no' query_orderby='date' query_order='DESC' caption_elements='title' caption_styling='overlay' caption_display='always' size='flex' orientation='' gap='large' columns='3' av-medium-columns='3' av-small-columns='1' av-mini-columns='1' items='3' paginate='none' color='' custom_bg='' overlay_fx='' animation='active' lazy_loading='enabled' id='blog_uebersicht' custom_class='' av_uid='av-kizwc1wp']\r\n\r\n[\/av_one_full]\n[av_section min_height='custom' min_height_pc='25' min_height_px='650' padding='no-padding' custom_margin='0px,50px' color='main_color' background='bg_color' custom_bg='' background_gradient_color1='' background_gradient_color2='' background_gradient_direction='vertical' src='https:\/\/michelspmks.de\/wp-content\/uploads\/2021\/01\/michelspmks_Wie_AdobeStock_285954982.jpg' attachment='10856' attachment_size='full' attach='parallax' position='center center' repeat='stretch' video='' video_ratio='16:9' overlay_opacity='0.3' overlay_color='#000000' overlay_pattern='' overlay_custom_pattern='' shadow='no-border-styling' bottom_border='no-border-styling' bottom_border_diagonal_color='#333333' bottom_border_diagonal_direction='' bottom_border_style='' custom_arrow_bg='' id='mp-cta-outer' custom_class='bg_full' aria_label='' av_element_hidden_in_editor='0' av_uid='av-730aja']\r\n\r\n[av_textblock size='' av-medium-font-size='' av-small-font-size='' av-mini-font-size='' font_color='' color='' id='mp-cta-inner' custom_class='mp-cta-inner' av_uid='av-kjk1yt92' admin_preview_bg='']\r\n<h3>HOW CAN WE SUPPORT YOU?<\/h3>\r\nYou tell us your issue and we will contact you promptly.\r\n\r\n[av_button label='Get in touch' icon_select='yes-right-icon' icon='ue879' font='entypo-fontello' link='https:\/\/michelspmks.de\/en\/contact\/' link_target='' size='large' position='left' label_display='' title_attr='' color_options='color_options_advanced' color='theme-color' custom_bg='#ffffff' custom_font='#000000' btn_color_bg='custom' btn_custom_bg='#ffffff' btn_color_bg_hover='#ffffff' btn_custom_bg_hover='#ffffff' btn_color_font='#000000' btn_custom_font='#000000' id='' custom_class='' av_uid='av-91xla' admin_preview_bg='']\r\n[\/av_textblock]\r\n\r\n[\/av_section]\n\n[av_slideshow_full size='no scaling' min_height='0px' stretch='image_no_stretch' control_layout='av-control-minimal av-control-minimal-dark' src='' attachment='' attachment_size='' position='top left' repeat='no-repeat' attach='scroll' conditional_play='' animation='slide' transition_speed='' autoplay='true' interval='10' lazy_loading='disabled' id='' custom_class='slideshow' av_uid='av-kik0iqw7']\r\n[av_slide_full slide_type='image' id='12795' video='https:\/\/' mobile_image='' fallback_link='https:\/\/' title='Dr. Marcus Michels, \u201ecompetent\u201c, \u201ebeyond any doubt, tactically experienced and an excellent lawyer, very present in project business, e.g. in the case of operational changes\"' video_format='' video_ratio='16:9' caption_pos='caption_right' custom_title_size='22' av-medium-font-size-title='' av-small-font-size-title='' av-mini-font-size-title='16' custom_content_size='18' av-medium-font-size='' av-small-font-size='' av-mini-font-size='' font_color='custom' custom_title='#000000' custom_content='#000000' heading_tag='' heading_class='' link_apply='' link='lightbox' link_target='' button_label='Click me' button_color='light' link1='manually,http:\/\/' link_target1='' button_label2='Click me' button_color2='light' link2='manually,http:\/\/' link_target2='' overlay_opacity='1' overlay_color='' overlay_pattern='custom' overlay_custom_pattern='https:\/\/michelspmks.de\/wp-content\/uploads\/2020\/12\/bg_helfen.png']\r\n<span class=\"bold\">Employment Law\r\n<span class=\"bold\"> Competitor<\/span>\r\n[\/av_slide_full]\r\n[av_slide_full slide_type='image' id='12791' video='https:\/\/' mobile_image='' fallback_link='https:\/\/' title='\"Unbeatable competence\", \"The team of Dr. Kerrin Schillhorn\u2019s practice is one of the major players in hospital planning law\"' video_format='' video_ratio='16:9' caption_pos='caption_right' custom_title_size='22' av-medium-font-size-title='' av-small-font-size-title='' av-mini-font-size-title='16' custom_content_size='18' av-medium-font-size='' av-small-font-size='' av-mini-font-size='' font_color='custom' custom_title='#000000' custom_content='#000000' heading_tag='' heading_class='' link_apply='' link='lightbox' link_target='' button_label='Click me' button_color='light' link1='manually,http:\/\/' link_target1='' button_label2='Click me' button_color2='light' link2='manually,http:\/\/' link_target2='' overlay_opacity='1' overlay_color='' overlay_pattern='custom' overlay_custom_pattern='https:\/\/michelspmks.de\/wp-content\/uploads\/2020\/12\/bg_helfen.png' video_autoplay='' video_controls='' video_mute='' video_loop='' overlay_enable='']\r\n<span class=\"bold\">Health Law |\r\n<span class=\"bold\">JUVE Handbook of Commercial Law Firms | Recommended law firm in health care law.\r\nJUVE HANDBOOK \u00ab JUVE<\/span>\r\n[\/av_slide_full]\r\n[av_slide_full slide_type='image' id='5980' video='https:\/\/' mobile_image='' fallback_link='https:\/\/' title='\"A highly experienced advisory team with great striking power\", \"A well-established name in employment law\"' video_format='' video_ratio='16:9' caption_pos='caption_right' custom_title_size='22' av-medium-font-size-title='' av-small-font-size-title='' av-mini-font-size-title='16' custom_content_size='18' av-medium-font-size='' av-small-font-size='' av-mini-font-size='' font_color='custom' custom_title='#000000' custom_content='#000000' heading_tag='' heading_class='' link_apply='' link='lightbox' link_target='' button_label='Click me' button_color='light' link1='manually,http:\/\/' link_target1='' button_label2='Click me' button_color2='light' link2='manually,http:\/\/' link_target2='' overlay_opacity='1' overlay_color='' overlay_pattern='custom' overlay_custom_pattern='https:\/\/michelspmks.de\/wp-content\/uploads\/2020\/12\/bg_helfen.png' video_autoplay='' video_controls='' video_mute='' video_loop='' overlay_enable='']\r\n<span class=\"bold\">Employment Law\r\nJUVE Handbook of Commercial Law Firms | Recommended law firm in labor law. \u00ab JUVE HANDBOOK \u00ab JUVE<\/span>\r\n[\/av_slide_full]\r\n[av_slide_full slide_type='image' id='7034' video='https:\/\/' mobile_image='' fallback_link='https:\/\/' title='Dr. Sebastian Mai\u00df, \u00bbTop-Advisor\u00ab, \u00bbvery committed, creative, present &amp; well connected\u00ab' video_format='' video_ratio='16:9' caption_pos='caption_right' custom_title_size='22' av-medium-font-size-title='' av-small-font-size-title='' av-mini-font-size-title='16' custom_content_size='18' av-medium-font-size='' av-small-font-size='' av-mini-font-size='' font_color='custom' custom_title='#000000' custom_content='#000000' heading_tag='' heading_class='' link_apply='' link='lightbox' link_target='' button_label='Click me' button_color='light' link1='manually,http:\/\/' link_target1='' button_label2='Click me' button_color2='light' link2='manually,http:\/\/' link_target2='' overlay_opacity='1' overlay_color='' overlay_pattern='custom' overlay_custom_pattern='https:\/\/michelspmks.de\/wp-content\/uploads\/2020\/12\/bg_helfen.png' video_autoplay='' video_controls='' video_mute='' video_loop='' overlay_enable='']\r\n<span class=\"bold\">Employment Law |\r\n<span class=\"bold\">Client and competitor about Dr. Sebastian Mai\u00df, Juve 2020\/2021<\/span>\r\n[\/av_slide_full]\r\n[av_slide_full slide_type='image' id='5979' video='https:\/\/' mobile_image='' fallback_link='https:\/\/' title='\"The boutique stands out for its \"fast and results-oriented\" legal support across the full range of Labour Law.\"' video_format='' video_ratio='16:9' caption_pos='caption_right' custom_title_size='22' av-medium-font-size-title='' av-small-font-size-title='' av-mini-font-size-title='16' custom_content_size='18' av-medium-font-size='' av-small-font-size='' av-mini-font-size='' font_color='custom' custom_title='#000000' custom_content='#000000' heading_tag='' heading_class='' link_apply='' link='lightbox' link_target='' button_label='Click me' button_color='light' link1='manually,http:\/\/' link_target1='' button_label2='Click me' button_color2='light' link2='manually,http:\/\/' link_target2='' overlay_opacity='1' overlay_color='' overlay_pattern='custom' overlay_custom_pattern='https:\/\/michelspmks.de\/wp-content\/uploads\/2020\/12\/bg_helfen.png' video_autoplay='' video_controls='' video_mute='' video_loop='' overlay_enable='']\r\n<span class=\"bold\">Employment Law |\r\n<span class=\"bold\">Handelsblatt | The Best Lawyers 2020 in Labour Law<\/span>\r\n[\/av_slide_full]\r\n[av_slide_full slide_type='image' id='10754' video='https:\/\/' mobile_image='' fallback_link='https:\/\/' title='Gunther M\u00e4vers is an \u201cexcellent immigration and global mobility lawyer\u201d with \u201coutstanding knowledge\u201d, according to impressed peers.' video_format='' video_ratio='16:9' caption_pos='caption_right' custom_title_size='22' av-medium-font-size-title='' av-small-font-size-title='' av-mini-font-size-title='16' custom_content_size='18' av-medium-font-size='' av-small-font-size='' av-mini-font-size='' font_color='custom' custom_title='#000000' custom_content='#000000' heading_tag='' heading_class='' link_apply='' link='lightbox' link_target='' button_label='Click me' button_color='light' link1='manually,http:\/\/' link_target1='' button_label2='Click me' button_color2='light' link2='manually,http:\/\/' link_target2='' overlay_opacity='1' overlay_color='' overlay_pattern='custom' overlay_custom_pattern='https:\/\/michelspmks.de\/wp-content\/uploads\/2020\/12\/bg_helfen.png' video_autoplay='' video_controls='' video_mute='' video_loop='' overlay_enable='']\r\n<span class=\"bold\">Employment Law |\r\n<span class=\"bold\">Client and competitor about Dr. Gunther M\u00e4vers<\/span>\r\n[\/av_slide_full]\r\n[\/av_slideshow_full]<\/span><\/span><\/span><\/span><\/span>\n","protected":false},"excerpt":{"rendered":"<p>This is a Page excerpt. It will be displayed for search results<\/p>\n","protected":false},"author":1,"featured_media":0,"parent":0,"menu_order":0,"comment_status":"open","ping_status":"open","template":"","meta":{"footnotes":""},"yoast_head":"<!-- This site is optimized with the Yoast SEO plugin v22.8 - https:\/\/yoast.com\/wordpress\/plugins\/seo\/ -->\n<title>History \u203a michels.pmks<\/title>\n<meta name=\"robots\" content=\"index, follow, max-snippet:-1, max-image-preview:large, max-video-preview:-1\" \/>\n<link rel=\"canonical\" href=\"https:\/\/michelspmks.de\/en\/historie\/\" \/>\n<meta property=\"og:locale\" content=\"en_US\" \/>\n<meta property=\"og:type\" content=\"article\" \/>\n<meta property=\"og:title\" content=\"History \u203a michels.pmks\" \/>\n<meta property=\"og:description\" content=\"This is a Page excerpt. It will be displayed for search results\" \/>\n<meta property=\"og:url\" content=\"https:\/\/michelspmks.de\/en\/historie\" \/>\n<meta property=\"og:site_name\" content=\"michels.pmks\" \/>\n<meta property=\"article:modified_time\" content=\"2025-04-01T09:26:05+00:00\" \/>\n<meta name=\"twitter:card\" content=\"summary_large_image\" \/>\n<script type=\"application\/ld+json\" class=\"yoast-schema-graph\">{\"@context\":\"https:\/\/schema.org\",\"@graph\":[{\"@type\":\"WebPage\",\"@id\":\"https:\/\/michelspmks.de\/en\/historie\",\"url\":\"https:\/\/michelspmks.de\/en\/historie\",\"name\":\"History \u203a michels.pmks\",\"isPartOf\":{\"@id\":\"https:\/\/michelspmks.de\/en\/#website\"},\"datePublished\":\"2020-12-09T16:42:20+00:00\",\"dateModified\":\"2025-04-01T09:26:05+00:00\",\"breadcrumb\":{\"@id\":\"https:\/\/michelspmks.de\/en\/historie#breadcrumb\"},\"inLanguage\":\"en-US\",\"potentialAction\":[{\"@type\":\"ReadAction\",\"target\":[\"https:\/\/michelspmks.de\/en\/historie\"]}]},{\"@type\":\"BreadcrumbList\",\"@id\":\"https:\/\/michelspmks.de\/en\/historie#breadcrumb\",\"itemListElement\":[{\"@type\":\"ListItem\",\"position\":1,\"name\":\"Startseite\",\"item\":\"https:\/\/michelspmks.de\/en\/\"},{\"@type\":\"ListItem\",\"position\":2,\"name\":\"History\"}]},{\"@type\":\"WebSite\",\"@id\":\"https:\/\/michelspmks.de\/en\/#website\",\"url\":\"https:\/\/michelspmks.de\/en\/\",\"name\":\"michels.pmks\",\"description\":\"Fachanw\u00e4lte\",\"potentialAction\":[{\"@type\":\"SearchAction\",\"target\":{\"@type\":\"EntryPoint\",\"urlTemplate\":\"https:\/\/michelspmks.de\/en\/?s={search_term_string}\"},\"query-input\":\"required name=search_term_string\"}],\"inLanguage\":\"en-US\"}]}<\/script>\n<!-- \/ Yoast SEO plugin. -->","yoast_head_json":{"title":"History \u203a michels.pmks","robots":{"index":"index","follow":"follow","max-snippet":"max-snippet:-1","max-image-preview":"max-image-preview:large","max-video-preview":"max-video-preview:-1"},"canonical":"https:\/\/michelspmks.de\/en\/historie\/","og_locale":"en_US","og_type":"article","og_title":"History \u203a michels.pmks","og_description":"This is a Page excerpt. It will be displayed for search results","og_url":"https:\/\/michelspmks.de\/en\/historie","og_site_name":"michels.pmks","article_modified_time":"2025-04-01T09:26:05+00:00","twitter_card":"summary_large_image","schema":{"@context":"https:\/\/schema.org","@graph":[{"@type":"WebPage","@id":"https:\/\/michelspmks.de\/en\/historie","url":"https:\/\/michelspmks.de\/en\/historie","name":"History \u203a michels.pmks","isPartOf":{"@id":"https:\/\/michelspmks.de\/en\/#website"},"datePublished":"2020-12-09T16:42:20+00:00","dateModified":"2025-04-01T09:26:05+00:00","breadcrumb":{"@id":"https:\/\/michelspmks.de\/en\/historie#breadcrumb"},"inLanguage":"en-US","potentialAction":[{"@type":"ReadAction","target":["https:\/\/michelspmks.de\/en\/historie"]}]},{"@type":"BreadcrumbList","@id":"https:\/\/michelspmks.de\/en\/historie#breadcrumb","itemListElement":[{"@type":"ListItem","position":1,"name":"Startseite","item":"https:\/\/michelspmks.de\/en\/"},{"@type":"ListItem","position":2,"name":"History"}]},{"@type":"WebSite","@id":"https:\/\/michelspmks.de\/en\/#website","url":"https:\/\/michelspmks.de\/en\/","name":"michels.pmks","description":"Fachanw\u00e4lte","potentialAction":[{"@type":"SearchAction","target":{"@type":"EntryPoint","urlTemplate":"https:\/\/michelspmks.de\/en\/?s={search_term_string}"},"query-input":"required name=search_term_string"}],"inLanguage":"en-US"}]}},"_links":{"self":[{"href":"https:\/\/michelspmks.de\/en\/wp-json\/wp\/v2\/pages\/8420"}],"collection":[{"href":"https:\/\/michelspmks.de\/en\/wp-json\/wp\/v2\/pages"}],"about":[{"href":"https:\/\/michelspmks.de\/en\/wp-json\/wp\/v2\/types\/page"}],"author":[{"embeddable":true,"href":"https:\/\/michelspmks.de\/en\/wp-json\/wp\/v2\/users\/1"}],"replies":[{"embeddable":true,"href":"https:\/\/michelspmks.de\/en\/wp-json\/wp\/v2\/comments?post=8420"}],"version-history":[{"count":23,"href":"https:\/\/michelspmks.de\/en\/wp-json\/wp\/v2\/pages\/8420\/revisions"}],"predecessor-version":[{"id":14058,"href":"https:\/\/michelspmks.de\/en\/wp-json\/wp\/v2\/pages\/8420\/revisions\/14058"}],"wp:attachment":[{"href":"https:\/\/michelspmks.de\/en\/wp-json\/wp\/v2\/media?parent=8420"}],"curies":[{"name":"wp","href":"https:\/\/api.w.org\/{rel}","templated":true}]}}